{"id":18739,"date":"2026-04-20T14:42:12","date_gmt":"2026-04-20T14:42:12","guid":{"rendered":"https:\/\/manumotoculture.store\/agrilionel\/?post_type=product&#038;p=18739"},"modified":"2026-04-20T14:52:59","modified_gmt":"2026-04-20T14:52:59","slug":"tondeuse-thermique-husqvarna-lc153s","status":"publish","type":"product","link":"https:\/\/manumotoculture.store\/agrilionel\/product\/tondeuse-thermique-husqvarna-lc153s\/","title":{"rendered":"Tondeuse Thermique Husqvarna LC153S"},"content":{"rendered":"<div class=\"elementor-element elementor-element-99fa90b e-flex e-con-boxed e-con e-parent e-lazyloaded\" data-id=\"99fa90b\" data-element_type=\"container\" data-e-type=\"container\">\n<div class=\"e-con-inner\">\n<div class=\"elementor-element elementor-element-b07633a elementor-widget elementor-widget-heading\" data-id=\"b07633a\" data-element_type=\"widget\" data-e-type=\"widget\" data-widget_type=\"heading.default\">\n<div class=\"elementor-widget-container\">\n<h2 class=\"elementor-heading-title elementor-size-default\">D\u00e9tails du produit<\/h2>\n<\/div>\n<\/div>\n<\/div>\n<\/div>\n<div class=\"elementor-element elementor-element-af87f2f e-flex e-con-boxed e-con e-parent e-lazyloaded\" data-id=\"af87f2f\" data-element_type=\"container\" data-e-type=\"container\">\n<div class=\"e-con-inner\">\n<div class=\"elementor-element elementor-element-339e90c elementor-widget elementor-widget-woocommerce-product-etheme_content\" data-id=\"339e90c\" data-element_type=\"widget\" data-e-type=\"widget\" data-widget_type=\"woocommerce-product-etheme_content.default\">\n<div class=\"elementor-widget-container\">\n<p class=\"ds-markdown-paragraph\">d\u00e9ale pour les terrains de\u00a0<strong>1000 \u00e0 2000 m\u00b2<\/strong>, elle offre une solution compl\u00e8te pour une pelouse parfaitement entretenue.<\/p>\n<p class=\"ds-markdown-paragraph\"><strong>Points cl\u00e9s :<\/strong><br \/>\n\u2714\u00a0<strong>Carter acier large 51 cm<\/strong>\u00a0\u2013 Robustesse et coupe efficace<br \/>\n\u2714\u00a0<strong>Transmission tract\u00e9e<\/strong>\u00a0\u2013 R\u00e9duction de l\u2019effort utilisateur<br \/>\n\u2714\u00a0<strong>Guidon ergonomique<\/strong>\u00a0\u2013 Confort d\u2019utilisation optimal<br \/>\n\u2714\u00a0<strong>R\u00e9glage hauteur centralis\u00e9<\/strong>\u00a0\u2013 Adaptation facile \u00e0 toutes les herbes<br \/>\n\u2714\u00a0<strong>Bac de ramassage inclus<\/strong>\u00a0\u2013 Pelouse impeccable apr\u00e8s passage<br \/>\n\u2714\u00a0<strong>\u00c9jection lat\u00e9rale en option<\/strong>\u00a0\u2013 Flexibilit\u00e9 d\u2019utilisation<\/p>\n<p class=\"ds-markdown-paragraph\"><strong>Fiche technique compl\u00e8te :<\/strong><\/p>\n<div class=\"markdown-table-wrapper\">\n<table>\n<thead>\n<tr>\n<th>Caract\u00e9ristique<\/th>\n<th>Sp\u00e9cification<\/th>\n<\/tr>\n<\/thead>\n<tbody>\n<tr>\n<td>Type<\/td>\n<td>Tondeuse thermique tract\u00e9e<\/td>\n<\/tr>\n<tr>\n<td>Moteur<\/td>\n<td>Briggs &amp; Stratton 500E (140cc)<\/td>\n<\/tr>\n<tr>\n<td>Largeur de coupe<\/td>\n<td>51 cm<\/td>\n<\/tr>\n<tr>\n<td>Mat\u00e9riau carter<\/td>\n<td>Acier robuste<\/td>\n<\/tr>\n<tr>\n<td>Hauteurs de coupe<\/td>\n<td>6 positions (25-75 mm)<\/td>\n<\/tr>\n<tr>\n<td>Capacit\u00e9 bac<\/td>\n<td>55 litres<\/td>\n<\/tr>\n<tr>\n<td>Transmission<\/td>\n<td>Tract\u00e9e m\u00e9canique<\/td>\n<\/tr>\n<tr>\n<td>Poids<\/td>\n<td>38 kg<\/td>\n<\/tr>\n<tr>\n<td>Dimensions (Lxlxh)<\/td>\n<td>140 x 60 x 100 cm<\/td>\n<\/tr>\n<tr>\n<td>Fonctions<\/td>\n<td>Ramassage, \u00e9jection lat\u00e9rale (option)<\/td>\n<\/tr>\n<tr>\n<td>Garantie<\/td>\n<td>2 ans constructeur<\/td>\n<\/tr>\n<\/tbody>\n<\/table>\n<\/div>\n<p class=\"ds-markdown-paragraph\"><strong>Avantages suppl\u00e9mentaires :<\/strong><\/p>\n<ul>\n<li>\n<p class=\"ds-markdown-paragraph\">D\u00e9marrage par lanceur facile<\/p>\n<\/li>\n<li>\n<p class=\"ds-markdown-paragraph\">Roues larges pour une bonne stabilit\u00e9<\/p>\n<\/li>\n<li>\n<p class=\"ds-markdown-paragraph\">Syst\u00e8me de coupe brevet\u00e9 Air Lift\u2122<\/p>\n<\/li>\n<li>\n<p class=\"ds-markdown-paragraph\">Entretien simplifi\u00e9<\/p>\n<\/li>\n<li>\n<p class=\"ds-markdown-paragraph\">Guidon r\u00e9glable en hauteur et rabattable<\/p>\n<\/li>\n<\/ul>\n<p class=\"ds-markdown-paragraph\"><strong>Pourquoi choisir la LC153S ?<\/strong><\/p>\n<ul>\n<li>\n<p class=\"ds-markdown-paragraph\">Parfaite pour les terrains jusqu\u2019\u00e0 2000 m\u00b2<\/p>\n<\/li>\n<li>\n<p class=\"ds-markdown-paragraph\">Confort d\u2019utilisation optimal<\/p>\n<\/li>\n<li>\n<p class=\"ds-markdown-paragraph\">Construction robuste et durable<\/p>\n<\/li>\n<li>\n<p class=\"ds-markdown-paragraph\">Flexibilit\u00e9 d\u2019utilisation (ramassage\/\u00e9jection)<\/p>\n<\/li>\n<li>\n<p class=\"ds-markdown-paragraph\">Facilit\u00e9 de rangement<\/p>\n<\/li>\n<\/ul>\n<p class=\"ds-markdown-paragraph\">Avec sa\u00a0<strong>construction solide<\/strong>\u00a0et ses\u00a0<strong>fonctionnalit\u00e9s pratiques<\/strong>, la Husqvarna LC153S est la solution id\u00e9ale pour ceux qui recherchent une tondeuse\u00a0<strong>fiable et simple \u00e0 utiliser<\/strong>\u00a0pour l\u2019entretien r\u00e9gulier de leur pelouse. Son\u00a0<strong>rapport qualit\u00e9-prix<\/strong>\u00a0en fait un excellent choix pour les particuliers exigeants.<\/p>\n<\/div>\n<\/div>\n<\/div>\n<\/div>\n","protected":false},"excerpt":{"rendered":"<p>Con\u00e7ue pour un\u00a0<strong>entretien facile<\/strong>, la tondeuse Husqvarna LC153S combine\u00a0<strong>robustesse<\/strong>\u00a0et\u00a0<strong>maniabilit\u00e9<\/strong> gr\u00e2ce \u00e0 son carter acier large et son syst\u00e8me tract\u00e9.<\/p>\n","protected":false},"featured_media":18740,"comment_status":"open","ping_status":"closed","template":"","meta":[],"product_brand":[],"product_cat":[188],"product_tag":[],"class_list":{"0":"post-18739","1":"product","2":"type-product","3":"status-publish","4":"has-post-thumbnail","6":"product_cat-tondeuse-thermique","8":"first","9":"instock","10":"sale","11":"shipping-taxable","12":"purchasable","13":"product-type-simple","14":"add-to-wishlist-after_add_to_cart"},"aioseo_notices":[],"_links":{"self":[{"href":"https:\/\/manumotoculture.store\/agrilionel\/wp-json\/wp\/v2\/product\/18739","targetHints":{"allow":["GET"]}}],"collection":[{"href":"https:\/\/manumotoculture.store\/agrilionel\/wp-json\/wp\/v2\/product"}],"about":[{"href":"https:\/\/manumotoculture.store\/agrilionel\/wp-json\/wp\/v2\/types\/product"}],"replies":[{"embeddable":true,"href":"https:\/\/manumotoculture.store\/agrilionel\/wp-json\/wp\/v2\/comments?post=18739"}],"wp:featuredmedia":[{"embeddable":true,"href":"https:\/\/manumotoculture.store\/agrilionel\/wp-json\/wp\/v2\/media\/18740"}],"wp:attachment":[{"href":"https:\/\/manumotoculture.store\/agrilionel\/wp-json\/wp\/v2\/media?parent=18739"}],"wp:term":[{"taxonomy":"product_brand","embeddable":true,"href":"https:\/\/manumotoculture.store\/agrilionel\/wp-json\/wp\/v2\/product_brand?post=18739"},{"taxonomy":"product_cat","embeddable":true,"href":"https:\/\/manumotoculture.store\/agrilionel\/wp-json\/wp\/v2\/product_cat?post=18739"},{"taxonomy":"product_tag","embeddable":true,"href":"https:\/\/manumotoculture.store\/agrilionel\/wp-json\/wp\/v2\/product_tag?post=18739"}],"curies":[{"name":"wp","href":"https:\/\/api.w.org\/{rel}","templated":true}]}}