{"id":18736,"date":"2026-04-20T12:58:33","date_gmt":"2026-04-20T12:58:33","guid":{"rendered":"https:\/\/manumotoculture.store\/agrilionel\/?post_type=product&#038;p=18736"},"modified":"2026-04-20T12:58:33","modified_gmt":"2026-04-20T12:58:33","slug":"tondeuse-a-gazon-thermique-verts-loisirs-vl53tah","status":"publish","type":"product","link":"https:\/\/manumotoculture.store\/agrilionel\/product\/tondeuse-a-gazon-thermique-verts-loisirs-vl53tah\/","title":{"rendered":"Tondeuse \u00e0 gazon thermique Verts Loisirs VL53TAH"},"content":{"rendered":"<div class=\"elementor-element elementor-element-99fa90b e-flex e-con-boxed e-con e-parent e-lazyloaded\" data-id=\"99fa90b\" data-element_type=\"container\" data-e-type=\"container\">\n<div class=\"e-con-inner\">\n<div class=\"elementor-element elementor-element-b07633a elementor-widget elementor-widget-heading\" data-id=\"b07633a\" data-element_type=\"widget\" data-e-type=\"widget\" data-widget_type=\"heading.default\">\n<div class=\"elementor-widget-container\">\n<h2 class=\"elementor-heading-title elementor-size-default\">D\u00e9tails du produit<\/h2>\n<\/div>\n<\/div>\n<\/div>\n<\/div>\n<div class=\"elementor-element elementor-element-af87f2f e-flex e-con-boxed e-con e-parent e-lazyloaded\" data-id=\"af87f2f\" data-element_type=\"container\" data-e-type=\"container\">\n<div class=\"e-con-inner\">\n<div class=\"elementor-element elementor-element-339e90c elementor-widget elementor-widget-woocommerce-product-etheme_content\" data-id=\"339e90c\" data-element_type=\"widget\" data-e-type=\"widget\" data-widget_type=\"woocommerce-product-etheme_content.default\">\n<div class=\"elementor-widget-container\">\n<p class=\"ds-markdown-paragraph\">Avec son\u00a0<strong>moteur Honda GCV 160<\/strong>, la tondeuse VL53TAH allie\u00a0<strong>fiabilit\u00e9 professionnelle<\/strong>\u00a0et\u00a0<strong>performance<\/strong>\u00a0pour l\u2019entretien de votre jardin. Sa\u00a0<strong>large coupe de 51 cm<\/strong>\u00a0et son\u00a0<strong>syst\u00e8me auto-tract\u00e9<\/strong>\u00a0en font l\u2019alli\u00e9e id\u00e9ale pour les terrains moyens \u00e0 grands.<\/p>\n<p class=\"ds-markdown-paragraph\"><strong>Points forts :<\/strong><br \/>\n\u2714\u00a0<strong>Moteur Honda GCV 160<\/strong>\u00a0\u2013 Fiabilit\u00e9 et puissance garanties<br \/>\n\u2714\u00a0<strong>Largeur de coupe 51 cm<\/strong>\u00a0\u2013 Productivit\u00e9 optimale<br \/>\n\u2714\u00a0<strong>Carter aluminium<\/strong>\u00a0\u2013 Robustesse et ventilation performante<br \/>\n\u2714\u00a0<strong>Kit mulching inclus<\/strong>\u00a0\u2013 Fertilisation naturelle de la pelouse<br \/>\n\u2714\u00a0<strong>Bac mixte 70L<\/strong>\u00a0\u2013 Grande capacit\u00e9 de ramassage<br \/>\n\u2714\u00a0<strong>7 hauteurs de coupe centralis\u00e9es<\/strong>\u00a0\u2013 R\u00e9glage pr\u00e9cis de 20 \u00e0 80 mm<br \/>\n\u2714\u00a0<strong>Auto-tract\u00e9e<\/strong>\u00a0\u2013 R\u00e9duction de l\u2019effort physique<br \/>\n\u2714\u00a0<strong>Guidon repliable<\/strong>\u00a0\u2013 Gain de place au rangement<\/p>\n<p class=\"ds-markdown-paragraph\"><strong>Fiche technique d\u00e9taill\u00e9e :<\/strong><\/p>\n<div class=\"markdown-table-wrapper\">\n<table>\n<thead>\n<tr>\n<th>Caract\u00e9ristique<\/th>\n<th>D\u00e9tail<\/th>\n<\/tr>\n<\/thead>\n<tbody>\n<tr>\n<td>Moteur<\/td>\n<td>Honda GCV 160 (4 temps)<\/td>\n<\/tr>\n<tr>\n<td>Puissance<\/td>\n<td>4,8 kW \/ 6,5 CV<\/td>\n<\/tr>\n<tr>\n<td>Largeur de coupe<\/td>\n<td>51 cm<\/td>\n<\/tr>\n<tr>\n<td>Type de carter<\/td>\n<td>Alliage aluminium ventil\u00e9<\/td>\n<\/tr>\n<tr>\n<td>Bac de ramassage<\/td>\n<td>70 litres (mixte)<\/td>\n<\/tr>\n<tr>\n<td>Hauteurs de coupe<\/td>\n<td>7 positions (20-80 mm)<\/td>\n<\/tr>\n<tr>\n<td>Transmission<\/td>\n<td>Auto-tract\u00e9e<\/td>\n<\/tr>\n<tr>\n<td>Poids<\/td>\n<td>35 kg<\/td>\n<\/tr>\n<tr>\n<td>Dimensions (Lxlxh)<\/td>\n<td>135 x 55 x 95 cm<\/td>\n<\/tr>\n<tr>\n<td>Fonctions<\/td>\n<td>Mulching, ramassage<\/td>\n<\/tr>\n<tr>\n<td>Garantie<\/td>\n<td>2 ans<\/td>\n<\/tr>\n<\/tbody>\n<\/table>\n<\/div>\n<p class=\"ds-markdown-paragraph\"><strong>Avantages suppl\u00e9mentaires :<\/strong><\/p>\n<ul>\n<li>\n<p class=\"ds-markdown-paragraph\">Excellente stabilit\u00e9 gr\u00e2ce au ch\u00e2ssis renforc\u00e9<\/p>\n<\/li>\n<li>\n<p class=\"ds-markdown-paragraph\">Syst\u00e8me de coupe brevet\u00e9 pour un rendu homog\u00e8ne<\/p>\n<\/li>\n<li>\n<p class=\"ds-markdown-paragraph\">Poign\u00e9es ergonomiques r\u00e9glables en hauteur<\/p>\n<\/li>\n<li>\n<p class=\"ds-markdown-paragraph\">Roues larges pour une bonne motricit\u00e9<\/p>\n<\/li>\n<li>\n<p class=\"ds-markdown-paragraph\">Entretien simplifi\u00e9 avec vidange facile<\/p>\n<\/li>\n<\/ul>\n<p class=\"ds-markdown-paragraph\"><strong>Pour qui ?<\/strong><br \/>\nParfaite pour les terrains de 500 \u00e0 1500 m\u00b2, cette tondeuse conviendra particuli\u00e8rement aux utilisateurs recherchant :<\/p>\n<ul>\n<li>\n<p class=\"ds-markdown-paragraph\">Une motorisation haut de gamme<\/p>\n<\/li>\n<li>\n<p class=\"ds-markdown-paragraph\">Un confort d\u2019utilisation optimal<\/p>\n<\/li>\n<li>\n<p class=\"ds-markdown-paragraph\">Une polyvalence (mulching\/ramassage)<\/p>\n<\/li>\n<li>\n<p class=\"ds-markdown-paragraph\">Un entretien minimal<\/p>\n<\/li>\n<\/ul>\n<p class=\"ds-markdown-paragraph\">Avec la VL53TAH, Verts Loisirs propose une tondeuse thermique compl\u00e8te qui combine la r\u00e9putation Honda avec des fonctionnalit\u00e9s pratiques pour un entretien professionnel de votre pelouse.<\/p>\n<\/div>\n<\/div>\n<\/div>\n<\/div>\n","protected":false},"excerpt":{"rendered":"<p>La fiabilit\u00e9 et la puissance de son moteur HONDA au service de votre jardin.<\/p>\n","protected":false},"featured_media":18737,"comment_status":"open","ping_status":"closed","template":"","meta":[],"product_brand":[],"product_cat":[188],"product_tag":[],"class_list":{"0":"post-18736","1":"product","2":"type-product","3":"status-publish","4":"has-post-thumbnail","6":"product_cat-tondeuse-thermique","8":"first","9":"instock","10":"sale","11":"shipping-taxable","12":"purchasable","13":"product-type-simple","14":"add-to-wishlist-after_add_to_cart"},"aioseo_notices":[],"_links":{"self":[{"href":"https:\/\/manumotoculture.store\/agrilionel\/wp-json\/wp\/v2\/product\/18736","targetHints":{"allow":["GET"]}}],"collection":[{"href":"https:\/\/manumotoculture.store\/agrilionel\/wp-json\/wp\/v2\/product"}],"about":[{"href":"https:\/\/manumotoculture.store\/agrilionel\/wp-json\/wp\/v2\/types\/product"}],"replies":[{"embeddable":true,"href":"https:\/\/manumotoculture.store\/agrilionel\/wp-json\/wp\/v2\/comments?post=18736"}],"wp:featuredmedia":[{"embeddable":true,"href":"https:\/\/manumotoculture.store\/agrilionel\/wp-json\/wp\/v2\/media\/18737"}],"wp:attachment":[{"href":"https:\/\/manumotoculture.store\/agrilionel\/wp-json\/wp\/v2\/media?parent=18736"}],"wp:term":[{"taxonomy":"product_brand","embeddable":true,"href":"https:\/\/manumotoculture.store\/agrilionel\/wp-json\/wp\/v2\/product_brand?post=18736"},{"taxonomy":"product_cat","embeddable":true,"href":"https:\/\/manumotoculture.store\/agrilionel\/wp-json\/wp\/v2\/product_cat?post=18736"},{"taxonomy":"product_tag","embeddable":true,"href":"https:\/\/manumotoculture.store\/agrilionel\/wp-json\/wp\/v2\/product_tag?post=18736"}],"curies":[{"name":"wp","href":"https:\/\/api.w.org\/{rel}","templated":true}]}}