{"id":18717,"date":"2026-04-20T11:54:56","date_gmt":"2026-04-20T11:54:56","guid":{"rendered":"https:\/\/manumotoculture.store\/agrilionel\/?post_type=product&#038;p=18717"},"modified":"2026-04-20T11:54:56","modified_gmt":"2026-04-20T11:54:56","slug":"john-deere-2026r","status":"publish","type":"product","link":"https:\/\/manumotoculture.store\/agrilionel\/product\/john-deere-2026r\/","title":{"rendered":"John Deere 2026R"},"content":{"rendered":"<h2>Description<\/h2>\n<div class=\"WaaZC\">\n<div class=\"RJPOee EIJn2\">\n<div class=\"rPeykc\" data-hveid=\"CAkQAQ\" data-ved=\"2ahUKEwiUg_yImYaPAxXeW0EAHf-oOZ8Qo_EKegQICRAB\">\n<p><span data-huuid=\"1104103261091912496\">Le John Deere 2026R est un tracteur compact utilitaire r\u00e9put\u00e9 pour sa maniabilit\u00e9, sa puissance et sa polyvalence.<\/span><span data-huuid=\"1104103261091913619\">Il est id\u00e9al pour les travaux agricoles, l\u2019entretien des espaces verts et les petites exploitations.<\/span><span data-huuid=\"1104103261091910646\">Ses principales caract\u00e9ristiques incluent un moteur diesel, une transmission hydrostatique, et une direction assist\u00e9e, offrant une exp\u00e9rience de conduite agr\u00e9able et efficace.<\/span><\/p>\n<div class=\"NPrrbc\" data-cid=\"75f2a6b5-c308-4933-a8fe-78fc9559dae4\" data-uuids=\"1104103261091912496,1104103261091913619,1104103261091910646\">\n<div class=\"BMebGe btku5b fCrZyc LwdV0e FR7ZSc qVhvac OJeuxf\" tabindex=\"0\" role=\"button\" aria-label=\"Afficher les liens associ\u00e9s\" data-hveid=\"CAgQAQ\" data-ved=\"2ahUKEwiUg_yImYaPAxXeW0EAHf-oOZ8Q3fYKegQICBAB\">\n<div class=\"niO4u\">\n<div class=\"kHtcsd\"><\/div>\n<\/div>\n<\/div>\n<\/div>\n<\/div>\n<\/div>\n<\/div>\n<div class=\"WaaZC\">\n<div class=\"RJPOee EIJn2\">\n<div class=\"rPeykc pyPiTc\" data-hveid=\"CA0QAQ\" data-ved=\"2ahUKEwiUg_yImYaPAxXeW0EAHf-oOZ8Qo_EKegQIDRAB\"><span data-huuid=\"873880095846569328\">Points forts du John Deere 2026R:<\/span><\/div>\n<\/div>\n<\/div>\n<div class=\"WaaZC\">\n<div class=\"RJPOee EIJn2\">\n<ul data-hveid=\"CCsQAQ\" data-ved=\"2ahUKEwiUg_yImYaPAxXeW0EAHf-oOZ8Qm_YKegQIKxAB\">\n<li class=\"K3KsMc\">\n<div class=\"zMgcWd dSKvsb\" data-il=\"\">\n<div data-crb-p=\"\">\n<div class=\"xFTqob\">\n<div class=\"Gur8Ad\"><span data-huuid=\"873880095846569519\"><strong>Moteur diesel fiable:<\/strong><\/span><\/div>\n<div class=\"vM0jzc\">\n<p><span data-huuid=\"873880095846570948\">Le 2026R est \u00e9quip\u00e9 d\u2019un moteur diesel \u00e0 3 cylindres, assurant une puissance et une vitesse suffisantes pour la plupart des t\u00e2ches.<\/span><\/p>\n<div class=\"NPrrbc\" data-cid=\"0979d807-5330-4542-94d7-706376a8ffd1\" data-uuids=\"873880095846569519,873880095846570948\">\n<div class=\"BMebGe btku5b fCrZyc LwdV0e FR7ZSc qVhvac OJeuxf\" tabindex=\"0\" role=\"button\" aria-label=\"Afficher les liens associ\u00e9s\" data-hveid=\"CBgQAQ\" data-ved=\"2ahUKEwiUg_yImYaPAxXeW0EAHf-oOZ8Q3fYKegQIGBAB\">\n<div class=\"niO4u\">\n<div class=\"kHtcsd\"><\/div>\n<\/div>\n<\/div>\n<\/div>\n<\/div>\n<\/div>\n<\/div>\n<\/div>\n<\/li>\n<li class=\"K3KsMc\">\n<div class=\"zMgcWd dSKvsb\" data-il=\"\">\n<div data-crb-p=\"\">\n<div class=\"xFTqob\">\n<div class=\"Gur8Ad\"><span data-huuid=\"873880095846569710\"><strong>Transmission hydrostatique:<\/strong><\/span><\/div>\n<div class=\"vM0jzc\">\n<p><span data-huuid=\"873880095846571139\">La transmission hydrostatique facilite la conduite et permet une gestion pr\u00e9cise de la vitesse, notamment lors de travaux n\u00e9cessitant des man\u0153uvres r\u00e9p\u00e9titives.<\/span><\/p>\n<div class=\"NPrrbc\" data-cid=\"ac203221-a652-4822-a6b7-41cd4cbc6b79\" data-uuids=\"873880095846569710,873880095846571139\">\n<div class=\"BMebGe btku5b fCrZyc LwdV0e FR7ZSc qVhvac OJeuxf\" tabindex=\"0\" role=\"button\" aria-label=\"Afficher les liens associ\u00e9s\" data-hveid=\"CCQQAQ\" data-ved=\"2ahUKEwiUg_yImYaPAxXeW0EAHf-oOZ8Q3fYKegQIJBAB\">\n<div class=\"niO4u\">\n<div class=\"kHtcsd\"><\/div>\n<\/div>\n<\/div>\n<\/div>\n<\/div>\n<\/div>\n<\/div>\n<\/div>\n<\/li>\n<li class=\"K3KsMc\">\n<div class=\"zMgcWd dSKvsb\" data-il=\"\">\n<div data-crb-p=\"\">\n<div class=\"xFTqob\">\n<div class=\"Gur8Ad\"><span data-huuid=\"873880095846569901\"><strong>4 roues motrices:<\/strong><\/span><\/div>\n<div class=\"vM0jzc\">\n<p><span data-huuid=\"873880095846571330\">La traction int\u00e9grale (4 roues motrices) am\u00e9liore la stabilit\u00e9 et la traction, particuli\u00e8rement utile sur terrains difficiles.<\/span><\/p>\n<div class=\"NPrrbc\" data-cid=\"ec5cdbef-3cd4-498d-a927-bf713c634e12\" data-uuids=\"873880095846569901,873880095846571330\">\n<div class=\"BMebGe btku5b fCrZyc LwdV0e FR7ZSc qVhvac OJeuxf\" tabindex=\"0\" role=\"button\" aria-label=\"Afficher les liens associ\u00e9s\" data-hveid=\"CCYQAQ\" data-ved=\"2ahUKEwiUg_yImYaPAxXeW0EAHf-oOZ8Q3fYKegQIJhAB\">\n<div class=\"niO4u\">\n<div class=\"kHtcsd\"><\/div>\n<\/div>\n<\/div>\n<\/div>\n<\/div>\n<\/div>\n<\/div>\n<\/div>\n<\/li>\n<li class=\"K3KsMc\">\n<div class=\"zMgcWd dSKvsb\" data-il=\"\">\n<div data-crb-p=\"\">\n<div class=\"xFTqob\">\n<div class=\"Gur8Ad\"><span data-huuid=\"873880095846570092\"><strong>Poste de conduite confortable:<\/strong><\/span><\/div>\n<div class=\"vM0jzc\">\n<p><span data-huuid=\"873880095846571521\">Le 2026R offre un poste de conduite ergonomique avec une bonne visibilit\u00e9, ce qui contribue au confort de l\u2019op\u00e9rateur et \u00e0 la s\u00e9curit\u00e9.<\/span><\/p>\n<div class=\"NPrrbc\" data-cid=\"e381bddb-1520-49c7-8164-874906aff6f1\" data-uuids=\"873880095846570092,873880095846571521\">\n<div class=\"BMebGe btku5b fCrZyc LwdV0e FR7ZSc qVhvac OJeuxf\" tabindex=\"0\" role=\"button\" aria-label=\"Afficher les liens associ\u00e9s\" data-hveid=\"CCMQAQ\" data-ved=\"2ahUKEwiUg_yImYaPAxXeW0EAHf-oOZ8Q3fYKegQIIxAB\">\n<div class=\"niO4u\">\n<div class=\"kHtcsd\"><\/div>\n<\/div>\n<\/div>\n<\/div>\n<\/div>\n<\/div>\n<\/div>\n<\/div>\n<\/li>\n<li class=\"K3KsMc\">\n<div class=\"zMgcWd dSKvsb\" data-il=\"\">\n<div data-crb-p=\"\">\n<div class=\"xFTqob\">\n<div class=\"Gur8Ad\"><span data-huuid=\"873880095846570283\"><strong>Polyvalence:<\/strong><\/span><\/div>\n<div class=\"vM0jzc\">\n<p><span data-huuid=\"873880095846571712\">Il peut \u00eatre \u00e9quip\u00e9 de nombreux outils et accessoires, tels que chargeur frontal, unit\u00e9 de coupe AutoConnect, et diverses options d\u2019attelage, le rendant adaptable \u00e0 diff\u00e9rents types de travaux.<\/span><\/p>\n<div class=\"NPrrbc\" data-cid=\"33003069-c237-45a4-91a3-e1d6879815bc\" data-uuids=\"873880095846570283,873880095846571712\">\n<div class=\"BMebGe btku5b fCrZyc LwdV0e FR7ZSc qVhvac OJeuxf\" tabindex=\"0\" role=\"button\" aria-label=\"Afficher les liens associ\u00e9s\" data-hveid=\"CCUQAQ\" data-ved=\"2ahUKEwiUg_yImYaPAxXeW0EAHf-oOZ8Q3fYKegQIJRAB\">\n<div class=\"niO4u\">\n<div class=\"kHtcsd\"><\/div>\n<\/div>\n<\/div>\n<\/div>\n<\/div>\n<\/div>\n<\/div>\n<\/div>\n<\/li>\n<li class=\"K3KsMc\">\n<div class=\"zMgcWd dSKvsb\" data-il=\"\">\n<div data-crb-p=\"\">\n<div class=\"xFTqob\">\n<div class=\"Gur8Ad\"><span data-huuid=\"873880095846570474\"><strong>Attelage 3 points arri\u00e8re de cat\u00e9gorie 1:<\/strong><\/span><\/div>\n<div class=\"vM0jzc\">\n<p><span data-huuid=\"873880095846571903\">Permet d\u2019utiliser une large gamme d\u2019outils agricoles et d\u2019\u00e9quipements.<\/span><\/p>\n<div class=\"NPrrbc\" data-cid=\"bd9ceb2f-b7bc-4507-912c-3259189f4c59\" data-uuids=\"873880095846570474,873880095846571903\">\n<div class=\"BMebGe btku5b fCrZyc LwdV0e FR7ZSc qVhvac OJeuxf\" tabindex=\"0\" role=\"button\" aria-label=\"Afficher les liens associ\u00e9s\" data-hveid=\"CBcQAQ\" data-ved=\"2ahUKEwiUg_yImYaPAxXeW0EAHf-oOZ8Q3fYKegQIFxAB\">\n<div class=\"niO4u\">\n<div><\/div>\n<div class=\"kHtcsd\">En r\u00e9sum\u00e9, le John Deere 2026R est un tracteur compact et polyvalent, con\u00e7u pour offrir fiabilit\u00e9, performance et confort \u00e0 l\u2019utilisateur, que ce soit pour des travaux agricoles, de paysagisme ou d\u2019autres applications o\u00f9 un tracteur compact est n\u00e9cessaire.<\/div>\n<\/div>\n<\/div>\n<\/div>\n<\/div>\n<\/div>\n<\/div>\n<\/div>\n<\/li>\n<\/ul>\n<\/div>\n<\/div>\n","protected":false},"excerpt":{"rendered":"<p>Description Le John Deere 2026R est un tracteur compact utilitaire r\u00e9put\u00e9 pour sa maniabilit\u00e9, sa puissance et sa polyvalence.Il est id\u00e9al pour les travaux agricoles, l\u2019entretien des espaces verts et les petites exploitations.Ses principales caract\u00e9ristiques incluent un moteur diesel, une transmission hydrostatique, et une direction assist\u00e9e, offrant une exp\u00e9rience de conduite agr\u00e9able et efficace. Points [&hellip;]<\/p>\n","protected":false},"featured_media":18718,"comment_status":"open","ping_status":"closed","template":"","meta":[],"product_brand":[],"product_cat":[185],"product_tag":[],"class_list":{"0":"post-18717","1":"product","2":"type-product","3":"status-publish","4":"has-post-thumbnail","6":"product_cat-autoportee","8":"first","9":"instock","10":"sale","11":"shipping-taxable","12":"purchasable","13":"product-type-simple","14":"add-to-wishlist-after_add_to_cart"},"aioseo_notices":[],"_links":{"self":[{"href":"https:\/\/manumotoculture.store\/agrilionel\/wp-json\/wp\/v2\/product\/18717","targetHints":{"allow":["GET"]}}],"collection":[{"href":"https:\/\/manumotoculture.store\/agrilionel\/wp-json\/wp\/v2\/product"}],"about":[{"href":"https:\/\/manumotoculture.store\/agrilionel\/wp-json\/wp\/v2\/types\/product"}],"replies":[{"embeddable":true,"href":"https:\/\/manumotoculture.store\/agrilionel\/wp-json\/wp\/v2\/comments?post=18717"}],"wp:featuredmedia":[{"embeddable":true,"href":"https:\/\/manumotoculture.store\/agrilionel\/wp-json\/wp\/v2\/media\/18718"}],"wp:attachment":[{"href":"https:\/\/manumotoculture.store\/agrilionel\/wp-json\/wp\/v2\/media?parent=18717"}],"wp:term":[{"taxonomy":"product_brand","embeddable":true,"href":"https:\/\/manumotoculture.store\/agrilionel\/wp-json\/wp\/v2\/product_brand?post=18717"},{"taxonomy":"product_cat","embeddable":true,"href":"https:\/\/manumotoculture.store\/agrilionel\/wp-json\/wp\/v2\/product_cat?post=18717"},{"taxonomy":"product_tag","embeddable":true,"href":"https:\/\/manumotoculture.store\/agrilionel\/wp-json\/wp\/v2\/product_tag?post=18717"}],"curies":[{"name":"wp","href":"https:\/\/api.w.org\/{rel}","templated":true}]}}