{"id":18689,"date":"2026-04-14T16:07:29","date_gmt":"2026-04-14T16:07:29","guid":{"rendered":"https:\/\/manumotoculture.store\/agrilionel\/?post_type=product&#038;p=18689"},"modified":"2026-04-14T16:07:29","modified_gmt":"2026-04-14T16:07:29","slug":"mammotion-luba-2-awd-5000","status":"publish","type":"product","link":"https:\/\/manumotoculture.store\/agrilionel\/product\/mammotion-luba-2-awd-5000\/","title":{"rendered":"MAMMOTION LUBA 2 AWD 5000"},"content":{"rendered":"<h1 class=\"a-size-base-plus a-text-bold\">\u00c0 propos de cet article<\/h1>\n<ul class=\"a-unordered-list a-vertical a-spacing-mini\">\n<li class=\"a-spacing-mini\"><span class=\"a-list-item\">Tonde Facile et sans Antenne: Dites adieu aux configurations complexes ! LUBA 2 AWD est \u00e9quip\u00e9 d&#8217;un module 4G et de NetRTK int\u00e9gr\u00e9s, vous permettant de tondre imm\u00e9diatement, sans antenne RTK. Gr\u00e2ce \u00e0 la pr\u00e9cision centim\u00e9trique du positionnement satellite, votre pelouse sera entretenue avec soin. Profitez \u00e9galement d&#8217;un essai gratuit de la 4G et du NetRTK jusqu&#8217;\u00e0 fin 2025.<\/span><\/li>\n<li class=\"a-spacing-mini\"><span class=\"a-list-item\">Des capacit\u00e9s tout-terrain imbattables : Dot\u00e9 d&#8217;une traction int\u00e9grale de pointe et d&#8217;un puissant moteur \u00e0 quatre roues de 165 W, LUBA 2 AWD franchit des pentes de 80 %, des obstacles de 80 mm et des terrains accident\u00e9s. Il se faufile ais\u00e9ment dans l&#8217;herbe jusqu&#8217;\u00e0 100 mm de hauteur et dans les petits arbustes. Des pentes raides aux nids-de-poule en passant par l&#8217;herbe dense, la s\u00e9rie LUBA 2 AWD excelle sans s&#8217;enliser.<\/span><\/li>\n<li class=\"a-spacing-mini\"><span class=\"a-list-item\">Au-del\u00e0 du positionnement : UltraSense AI Vision assure une tonte jusqu&#8217;\u00e0 300 m\u00e8tres dans les zones d\u00e9pourvues de signaux satellites, comme sous les arbres ou les chemins \u00e9troits. Le LUBA 2 AWD peut couvrir visuellement toutes les zones d&#8217;herbe pour les cartographier en explorant les bordures, y compris les bordures sous les arbres ou les avant-toits, reconnaissant et enregistrant dynamiquement plus de 5000 m\u00e8tres carr\u00e9s.<\/span><\/li>\n<li class=\"a-spacing-mini\"><span class=\"a-list-item\">5000\u33a1, en une journ\u00e9e : Dot\u00e9 d&#8217;une conception unique de disque \u00e0 deux lames, LUBA 2 AWD offre un double disque de coupe avec une largeur de coupe jusqu&#8217;\u00e0 400 millim\u00e8tres, assurant \u00e0 la fois l&#8217;efficacit\u00e9 et la pr\u00e9cision de la coupe des bords. La batterie au lithium de LUBA2 AWD a une capacit\u00e9 suffisante avec jusqu&#8217;\u00e0 15Ah, et pour permettre un maximum de 260 minutes de fonctionnement continu et la capacit\u00e9 de tondre jusqu&#8217;\u00e0 500\u33a1 (0,13 acres) par heure.<\/span><\/li>\n<li class=\"a-spacing-mini\"><span class=\"a-list-item\">Intelligente et soign\u00e9e, votre vision est ravie : Avec son syst\u00e8me de coupe \u00e0 12 rasoirs, LUBA 2 AWD garantit que chaque coupe est nette, am\u00e9liorant ainsi l&#8217;esth\u00e9tique g\u00e9n\u00e9rale de la pelouse, m\u00eame si l&#8217;herbe le long des all\u00e9es, des parterres de fleurs et des cl\u00f4tures est taill\u00e9e avec soin. Gr\u00e2ce \u00e0 une technologie intelligente, notre solution de gestion de la pelouse optimise les sch\u00e9mas de coupe, int\u00e8gre une gestion flexible des horaires et des zones multiples, et garantit un entretien efficace et sans effort de la pelouse.<\/span><\/li>\n<li class=\"a-spacing-mini\"><span class=\"a-list-item\">La s\u00e9curit\u00e9 avant tout dans l&#8217;entretien des pelouses : LUBA 2 AWD robot tondeuse associe la reconnaissance visuelle, un radar \u00e0 ultrasons et des capteurs physiques pour un \u00e9vitement avanc\u00e9 des obstacles. Gr\u00e2ce \u00e0 la disposition g\u00e9om\u00e9trique des capteurs, il \u00e9limine les angles morts dans les directions avant et lat\u00e9rales, offrant ainsi une triple protection \u00e0 votre famille, vos animaux domestiques et la faune. Il d\u00e9tecte intelligemment les obstacles en mouvement, garantissant la s\u00e9curit\u00e9 de tous pendant le fonctionnement.<\/span><\/li>\n<\/ul>\n","protected":false},"excerpt":{"rendered":"<h1 id=\"title\" class=\"a-size-large a-spacing-none\"><span id=\"productTitle\" class=\"a-size-large product-title-word-break\">MAMMOTION LUBA 2 AWD 5000X Robot Tondeuse sans Fil P\u00e9riph\u00e9rique, NetRTK+Vision, Aucune Antenne RTK Requise, Recommand\u00e9 5000m\u00b2, Pentes \u00e0 80%, Hauteur de Coupe 25-70 mm, avec Module 4G<\/span><\/h1>\n","protected":false},"featured_media":18690,"comment_status":"open","ping_status":"closed","template":"","meta":[],"product_brand":[],"product_cat":[186],"product_tag":[],"class_list":{"0":"post-18689","1":"product","2":"type-product","3":"status-publish","4":"has-post-thumbnail","6":"product_cat-robot-tondeuse","8":"first","9":"instock","10":"sale","11":"shipping-taxable","12":"purchasable","13":"product-type-simple","14":"add-to-wishlist-after_add_to_cart"},"aioseo_notices":[],"_links":{"self":[{"href":"https:\/\/manumotoculture.store\/agrilionel\/wp-json\/wp\/v2\/product\/18689","targetHints":{"allow":["GET"]}}],"collection":[{"href":"https:\/\/manumotoculture.store\/agrilionel\/wp-json\/wp\/v2\/product"}],"about":[{"href":"https:\/\/manumotoculture.store\/agrilionel\/wp-json\/wp\/v2\/types\/product"}],"replies":[{"embeddable":true,"href":"https:\/\/manumotoculture.store\/agrilionel\/wp-json\/wp\/v2\/comments?post=18689"}],"wp:featuredmedia":[{"embeddable":true,"href":"https:\/\/manumotoculture.store\/agrilionel\/wp-json\/wp\/v2\/media\/18690"}],"wp:attachment":[{"href":"https:\/\/manumotoculture.store\/agrilionel\/wp-json\/wp\/v2\/media?parent=18689"}],"wp:term":[{"taxonomy":"product_brand","embeddable":true,"href":"https:\/\/manumotoculture.store\/agrilionel\/wp-json\/wp\/v2\/product_brand?post=18689"},{"taxonomy":"product_cat","embeddable":true,"href":"https:\/\/manumotoculture.store\/agrilionel\/wp-json\/wp\/v2\/product_cat?post=18689"},{"taxonomy":"product_tag","embeddable":true,"href":"https:\/\/manumotoculture.store\/agrilionel\/wp-json\/wp\/v2\/product_tag?post=18689"}],"curies":[{"name":"wp","href":"https:\/\/api.w.org\/{rel}","templated":true}]}}