{"id":18686,"date":"2026-04-14T16:01:00","date_gmt":"2026-04-14T16:01:00","guid":{"rendered":"https:\/\/manumotoculture.store\/agrilionel\/?post_type=product&#038;p=18686"},"modified":"2026-04-14T16:01:43","modified_gmt":"2026-04-14T16:01:43","slug":"mammotion-luba-mini-awd-1500","status":"publish","type":"product","link":"https:\/\/manumotoculture.store\/agrilionel\/product\/mammotion-luba-mini-awd-1500\/","title":{"rendered":"MAMMOTION LUBA Mini AWD 1500"},"content":{"rendered":"<h1 class=\"a-size-base-plus a-text-bold\">\u00c0 propos de cet article<\/h1>\n<ul class=\"a-unordered-list a-vertical a-spacing-mini\">\n<li class=\"a-spacing-mini\"><span class=\"a-list-item\">Tonde Facile et sans Antenne\uff1aDites adieu aux configurations compliqu\u00e9es ! La LUBA mini AWD est \u00e9quip\u00e9e d&#8217;un module 4G et de NetRTK int\u00e9gr\u00e9s, vous permettant de commencer \u00e0 tondre imm\u00e9diatement, sans antenne RTK. Gr\u00e2ce \u00e0 la pr\u00e9cision centim\u00e9trique du positionnement par satellite, votre pelouse sera entretenue avec professionnalisme \u00e0 chaque fois.<\/span><\/li>\n<li class=\"a-spacing-mini\"><span class=\"a-list-item\">Capacit\u00e9 tout terrains in\u00e9gal\u00e9e pour les pelouses de moins de 1500 \u33a1 : la grande puissance de traction et le syst\u00e8me de suspension adaptative permettent au LUBA mini AWD de franchir en douceur les obstacles ou les nids-de-poule jusqu&#8217;\u00e0 80 mm de hauteur. Peu importe le terrain accident\u00e9 ou l&#8217;herbe haute et \u00e9paisse, il avance et ne se bloque pas. \u00c9quip\u00e9 d&#8217;un moteur de 88 W pour la coupe et de roues omnidirectionnelles \u00e0 rayon de braquage nul, il optimise la tonte m\u00eame dans un environnement humide.<\/span><\/li>\n<li class=\"a-spacing-mini\"><span class=\"a-list-item\">Cartographie automatique et barri\u00e8re visuelle intelligente : le robot tondeuseLUBA mini d\u00e9tecte automatiquement les limites du jardin et cartographie virtuellement jusqu&#8217;\u00e0 1500 \u33a1. Gr\u00e2ce \u00e0 un traitement d&#8217;image avanc\u00e9, il identifie la transition entre les surfaces avec et sans gazon ce qui l&#8217;emp\u00eache de p\u00e9n\u00e9trer dans les all\u00e9es, les parterres de fleurs ou d&#8217;autres zones interdites.<\/span><\/li>\n<li class=\"a-spacing-mini\"><span class=\"a-list-item\">Pas de crainte de perte de signal et coupe des bordures au plus pr\u00e8s : UltraSense AI Vision assure \u00e9galement une tonte jusqu&#8217;\u00e0 300 m\u00e8tres dans les zones sans signal satellite, comme sous les arbres ou les chemins \u00e9troits. L&#8217;algorithme d&#8217;IA du syst\u00e8me de vision peut distinguer si un objet est un obstacle \u00e0 \u00e9viter, comme des enfants ou des animaux. LUBA mini AWD effectue automatiquement une coupe des bordures, m\u00eame la coupe pr\u00e8s des murs peut \u00eatre effectu\u00e9e avec une pr\u00e9cision inf\u00e9rieure \u00e0 5 cm.<\/span><\/li>\n<li class=\"a-spacing-mini\"><span class=\"a-list-item\">Gestion multizone, planification intelligente des itin\u00e9raires : g\u00e9rez facilement 15 zones de tonte pour les jardins devant et derri\u00e8re la maison, y compris les bords de route et les zones interdites telles que les piscines et les parterres de fleurs. Gr\u00e2ce \u00e0 des algorithmes brevet\u00e9s, le robot LUBA mini AWD optimise automatiquement les trajets entre les diff\u00e9rentes zones de tonte, garantissant une tonte efficace et laissant de belles bandes de pelouse. Faites l&#8217;exp\u00e9rience d&#8217;une tonte ininterrompue avec le LUBA mini AWD.<\/span><\/li>\n<li class=\"a-spacing-mini\"><span class=\"a-list-item\">Tondez exactement comme vous le souhaitez : ajustez la hauteur de tonte, choisissez les modes de tonte, plannifiez la tonte et v\u00e9rifiez l&#8217;\u00e9tat de la tondeuse directement sur l&#8217;application Mammotion. Hauteur de coupe r\u00e9glable de 20 \u00e0 65 mm. Vous pouvez \u00e9galement s\u00e9lectionner diff\u00e9rents motifs de tonte via l&#8217;application. LUBA mini AWD ajustera l&#8217;itin\u00e9raire de tonte, la hauteur de tonte et l&#8217;angle gr\u00e2ce \u00e0 des algorithmes pour former le motif souhait\u00e9 sur la pelouse afin de garantir le meilleur rendu..<\/span><\/li>\n<li class=\"a-spacing-mini\"><span class=\"a-list-item\">Entretien de la pelouse 24h\/24 et 7j\/7,Grande efficacit\u00e9 de tonte : les 6 lames de type rasoir du LUBA mini AWD garantissent une grande efficacit\u00e9 de coupe. La capacit\u00e9 de la batterie lithium du LUBA lui permet de tondre sans discontinuer pendant 180 m ave un rendement jusqu&#8217;\u00e0 324\u33a1\/h. Entre autres avantagesLUBA mini AWD a \u00e9galement un fonctionnent silencieux avec seiulement 60dBl,un indeice de r\u00e9sistance \u00e0 l&#8217;eau IPX6, un suivi GPS, une authentification du propri\u00e9taire, compatibilit\u00e9 Airtag et bien d&#8217;autres fonctions encore.<\/span><\/li>\n<\/ul>\n","protected":false},"excerpt":{"rendered":"<h1 id=\"title\" class=\"a-size-large a-spacing-none\"><span id=\"productTitle\" class=\"a-size-large product-title-word-break\">MAMMOTION LUBA Mini AWD 1500 Robot Tondeuse sans Fil P\u00e9riph\u00e9rique, NetRTK+Vision, Aucune Antenne RTK Requise, Recommand\u00e9 1500m\u00b2, Max. 1800m\u00b2, Pentes \u00e0 80%, avec Module 4G<\/span><\/h1>\n","protected":false},"featured_media":18681,"comment_status":"open","ping_status":"closed","template":"","meta":[],"product_brand":[],"product_cat":[186],"product_tag":[],"class_list":{"0":"post-18686","1":"product","2":"type-product","3":"status-publish","4":"has-post-thumbnail","6":"product_cat-robot-tondeuse","8":"first","9":"instock","10":"sale","11":"shipping-taxable","12":"purchasable","13":"product-type-simple","14":"add-to-wishlist-after_add_to_cart"},"aioseo_notices":[],"_links":{"self":[{"href":"https:\/\/manumotoculture.store\/agrilionel\/wp-json\/wp\/v2\/product\/18686","targetHints":{"allow":["GET"]}}],"collection":[{"href":"https:\/\/manumotoculture.store\/agrilionel\/wp-json\/wp\/v2\/product"}],"about":[{"href":"https:\/\/manumotoculture.store\/agrilionel\/wp-json\/wp\/v2\/types\/product"}],"replies":[{"embeddable":true,"href":"https:\/\/manumotoculture.store\/agrilionel\/wp-json\/wp\/v2\/comments?post=18686"}],"wp:featuredmedia":[{"embeddable":true,"href":"https:\/\/manumotoculture.store\/agrilionel\/wp-json\/wp\/v2\/media\/18681"}],"wp:attachment":[{"href":"https:\/\/manumotoculture.store\/agrilionel\/wp-json\/wp\/v2\/media?parent=18686"}],"wp:term":[{"taxonomy":"product_brand","embeddable":true,"href":"https:\/\/manumotoculture.store\/agrilionel\/wp-json\/wp\/v2\/product_brand?post=18686"},{"taxonomy":"product_cat","embeddable":true,"href":"https:\/\/manumotoculture.store\/agrilionel\/wp-json\/wp\/v2\/product_cat?post=18686"},{"taxonomy":"product_tag","embeddable":true,"href":"https:\/\/manumotoculture.store\/agrilionel\/wp-json\/wp\/v2\/product_tag?post=18686"}],"curies":[{"name":"wp","href":"https:\/\/api.w.org\/{rel}","templated":true}]}}