{"id":18675,"date":"2026-04-14T15:15:20","date_gmt":"2026-04-14T15:15:20","guid":{"rendered":"https:\/\/manumotoculture.store\/agrilionel\/?post_type=product&#038;p=18675"},"modified":"2026-04-14T15:15:20","modified_gmt":"2026-04-14T15:15:20","slug":"bosch-indego-s500","status":"publish","type":"product","link":"https:\/\/manumotoculture.store\/agrilionel\/product\/bosch-indego-s500\/","title":{"rendered":"Bosch Indego S+500"},"content":{"rendered":"<ul class=\"BenefitsAndFeatures_benefitsAndFeatures__ZWSUY\">\n<li>La fonction de connectivit\u00e9 vous permet de g\u00e9rer votre Indego \u00e0 distance, en utilisant l\u2019application Bosch Smart Gardening pour optimiser les tontes.<\/li>\n<li>L\u2019Indego S+ 500 avec fonction LogiCut cartographie la pelouse et tond ensuite de mani\u00e8re rationnelle en bandes parall\u00e8les pour lib\u00e9rer plus rapidement votre pelouse.<\/li>\n<li>L\u2019Indego S+ 500 d\u00e9bute chaque s\u00e9ance de tonte compl\u00e8te par une tonte le long des bordures (fonction BorderCut) pour une finition parfaite jusque pr\u00e8s des bords de la zone de tonte que vous avez d\u00e9limit\u00e9e.<\/li>\n<li>Gr\u00e2ce \u00e0 la fonction MultiArea, l\u2019Indego peut m\u00e9moriser jusqu\u2019\u00e0 trois zones de tonte (d\u2019une superficie totale de 500 m\u00b2).<\/li>\n<li>L\u2019Indego S 500 sait aussi o\u00f9 se trouvent les passages \u00e9troits sur la pelouse cartographi\u00e9e et sait g\u00e9rer des corridors d\u2019une largeur minimale de 75 cm (entre les c\u00e2bles p\u00e9riph\u00e9riques).<\/li>\n<\/ul>\n","protected":false},"excerpt":{"rendered":"<p>Tondeuse robot connect\u00e9e pour les jardins de petite superficie jusqu\u2019\u00e0 500 m\u00b2<\/p>\n","protected":false},"featured_media":18676,"comment_status":"open","ping_status":"closed","template":"","meta":[],"product_brand":[],"product_cat":[186],"product_tag":[],"class_list":{"0":"post-18675","1":"product","2":"type-product","3":"status-publish","4":"has-post-thumbnail","6":"product_cat-robot-tondeuse","8":"first","9":"instock","10":"sale","11":"shipping-taxable","12":"purchasable","13":"product-type-simple","14":"add-to-wishlist-after_add_to_cart"},"aioseo_notices":[],"_links":{"self":[{"href":"https:\/\/manumotoculture.store\/agrilionel\/wp-json\/wp\/v2\/product\/18675","targetHints":{"allow":["GET"]}}],"collection":[{"href":"https:\/\/manumotoculture.store\/agrilionel\/wp-json\/wp\/v2\/product"}],"about":[{"href":"https:\/\/manumotoculture.store\/agrilionel\/wp-json\/wp\/v2\/types\/product"}],"replies":[{"embeddable":true,"href":"https:\/\/manumotoculture.store\/agrilionel\/wp-json\/wp\/v2\/comments?post=18675"}],"wp:featuredmedia":[{"embeddable":true,"href":"https:\/\/manumotoculture.store\/agrilionel\/wp-json\/wp\/v2\/media\/18676"}],"wp:attachment":[{"href":"https:\/\/manumotoculture.store\/agrilionel\/wp-json\/wp\/v2\/media?parent=18675"}],"wp:term":[{"taxonomy":"product_brand","embeddable":true,"href":"https:\/\/manumotoculture.store\/agrilionel\/wp-json\/wp\/v2\/product_brand?post=18675"},{"taxonomy":"product_cat","embeddable":true,"href":"https:\/\/manumotoculture.store\/agrilionel\/wp-json\/wp\/v2\/product_cat?post=18675"},{"taxonomy":"product_tag","embeddable":true,"href":"https:\/\/manumotoculture.store\/agrilionel\/wp-json\/wp\/v2\/product_tag?post=18675"}],"curies":[{"name":"wp","href":"https:\/\/api.w.org\/{rel}","templated":true}]}}