{"id":18670,"date":"2026-04-14T14:57:12","date_gmt":"2026-04-14T14:57:12","guid":{"rendered":"https:\/\/manumotoculture.store\/agrilionel\/?post_type=product&#038;p=18670"},"modified":"2026-04-14T14:57:12","modified_gmt":"2026-04-14T14:57:12","slug":"gardena-sileno-life-750","status":"publish","type":"product","link":"https:\/\/manumotoculture.store\/agrilionel\/product\/gardena-sileno-life-750\/","title":{"rendered":"Gardena Sileno Life 750"},"content":{"rendered":"<h2>SILENO life excelle en pr\u00e9cision et en performance, id\u00e9al pour les surfaces de taille moyenne.<\/h2>\n<div class=\"checkout-text-dark readmore js-read-more js-read-more-container\" data-rm-words=\"75\">\n<ul>\n<li>Connect\u00e9e : la tondeuse robot SILENO life 750 m\u00b2 peut \u00eatre pilot\u00e9e depuis votre smartphone jusqu&#8217;\u00e0 10 m de distance gr\u00e2ce \u00e0 notre application Bluetooth\u00ae.<\/li>\n<li>AI-precise : la tondeuse robot SILENO passe partout et ma\u00eetrise tout type de pelouses m\u00eame les plus complexes.<\/li>\n<li>Silencieuse : avec un niveau sonore de seulement 57 (dB)A, la tondeuse robot assure une tonte silencieuse et efficace.<\/li>\n<li>Auto Weather &amp; Terrain : fonctionne par tous les temps, au soleil ou sous la pluie.<\/li>\n<li>Inclus dans la livraison : 1 x SILENO life 750 m\u00b2, incl. 1 x station de charge, incl. 1 x 200 m de c\u00e2ble p\u00e9riph\u00e9rique, incl. 300 x cavaliers, incl. 5 x connecteurs, incl. 4 x raccords de c\u00e2ble<\/li>\n<\/ul>\n<p>La tondeuse robot SILENO life est pilotable via l&#8217;application Bluetooth\u00ae. Elle simplifie la tonte des jardins de taille moyenne d&#8217;une surface allant jusqu&#8217;\u00e0 750 m\u00b2.<\/p>\n<h4>Tondre \u00e0 distance via l&#8217;application Bluetooth\u00ae<\/h4>\n<p>Commencez sans effort ! Il vous suffit d&#8217;aller sur l&#8217;application Bluetooth\u00ae de GARDENA et d&#8217;entrer les d\u00e9tails de votre pelouse, vos pr\u00e9f\u00e9rences et les heures de tonte. L&#8217;application vous guide sans difficult\u00e9 \u00e0 travers le processus de configuration. La tondeuse programme efficacement un calendrier qui rend l&#8217;entretien de votre pelouse un jeu d&#8217;enfant. Il ne vous reste plus qu&#8217;\u00e0 appr\u00e9cier le r\u00e9sultat !<\/p>\n<h4>Une tonte pr\u00e9cise et fiable<\/h4>\n<p>Pr\u00e9cision dans chaque coin ! Gr\u00e2ce \u00e0 la fonction CorridorCut votre tondeuse robot SILENO passe absolument partout m\u00eame dans des passages \u00e9troits de 60cm et plus, ou des coins serr\u00e9s. La technologie SensorCut permet une tonte al\u00e9atoire de la pelouse pour ne pas laisser de traces et la tonte s&#8217;ajuste automatiquement en fonction de la hauteur du gazon.<\/p>\n<h4>Pro-silent<\/h4>\n<p>Profitez de moments de tranquillit\u00e9 dans votre jardin avec la tondeuse SILENO life. La plus silencieuse de sa cat\u00e9gorie avec un niveau sonore de 57 dB(A). La tondeuse robot SILENO s&#8217;occupe de votre pelouse sans nuissance sonore et sans d\u00e9ranger le voisinage.<\/p>\n<h4>Fonctionne par tous les temps<\/h4>\n<p>La tondeuse robot SILENO prend soin de votre pelouse de mani\u00e8re fiable par tous les temps, m\u00eame sous la pluie. Elle va encore plus loin : \u00e9quip\u00e9e d&#8217;un capteur de gel, elle d\u00e9tecte lorsque le sol est gel\u00e9 et met automatiquement en pause son programme jusqu&#8217;\u00e0 ce que le sol d\u00e9g\u00e8le, assurant ainsi une performance de tonte optimale.<\/p>\n<h4>Id\u00e9al pour les pelouses de taille moyenne et complexes<\/h4>\n<p>D\u00e9couvrez la tondeuse robot SILENO life 750 m\u00b2- une aide au jardin polyvalente et intelligente pour les petites pelouses. La tondeuse robot, \u00e9l\u00e9gante et compacte, s&#8217;int\u00e8gre parfaitement dans votre espace ext\u00e9rieur et elle fait passer votre exp\u00e9rience de tonte \u00e0 un niveau sup\u00e9rieur. Dites adieu \u00e0 l&#8217;entretien fastidieux de la pelouse gr\u00e2ce \u00e0 cet assistant intelligent qui prend soin de chaque centim\u00e8tre de votre pelouse de mani\u00e8re totalement silencieuse et discr\u00e8te.<\/p>\n<\/div>\n","protected":false},"excerpt":{"rendered":"<h1 class=\"product-name\">Tondeuse robot SILENO life, 750 m\u00b2<\/h1>\n","protected":false},"featured_media":18671,"comment_status":"open","ping_status":"closed","template":"","meta":[],"product_brand":[],"product_cat":[186],"product_tag":[],"class_list":{"0":"post-18670","1":"product","2":"type-product","3":"status-publish","4":"has-post-thumbnail","6":"product_cat-robot-tondeuse","8":"first","9":"instock","10":"sale","11":"shipping-taxable","12":"purchasable","13":"product-type-simple","14":"add-to-wishlist-after_add_to_cart"},"aioseo_notices":[],"_links":{"self":[{"href":"https:\/\/manumotoculture.store\/agrilionel\/wp-json\/wp\/v2\/product\/18670","targetHints":{"allow":["GET"]}}],"collection":[{"href":"https:\/\/manumotoculture.store\/agrilionel\/wp-json\/wp\/v2\/product"}],"about":[{"href":"https:\/\/manumotoculture.store\/agrilionel\/wp-json\/wp\/v2\/types\/product"}],"replies":[{"embeddable":true,"href":"https:\/\/manumotoculture.store\/agrilionel\/wp-json\/wp\/v2\/comments?post=18670"}],"wp:featuredmedia":[{"embeddable":true,"href":"https:\/\/manumotoculture.store\/agrilionel\/wp-json\/wp\/v2\/media\/18671"}],"wp:attachment":[{"href":"https:\/\/manumotoculture.store\/agrilionel\/wp-json\/wp\/v2\/media?parent=18670"}],"wp:term":[{"taxonomy":"product_brand","embeddable":true,"href":"https:\/\/manumotoculture.store\/agrilionel\/wp-json\/wp\/v2\/product_brand?post=18670"},{"taxonomy":"product_cat","embeddable":true,"href":"https:\/\/manumotoculture.store\/agrilionel\/wp-json\/wp\/v2\/product_cat?post=18670"},{"taxonomy":"product_tag","embeddable":true,"href":"https:\/\/manumotoculture.store\/agrilionel\/wp-json\/wp\/v2\/product_tag?post=18670"}],"curies":[{"name":"wp","href":"https:\/\/api.w.org\/{rel}","templated":true}]}}