{"id":18662,"date":"2026-04-14T14:46:50","date_gmt":"2026-04-14T14:46:50","guid":{"rendered":"https:\/\/manumotoculture.store\/agrilionel\/?post_type=product&#038;p=18662"},"modified":"2026-04-14T14:46:51","modified_gmt":"2026-04-14T14:46:51","slug":"worx-landroid-m500","status":"publish","type":"product","link":"https:\/\/manumotoculture.store\/agrilionel\/product\/worx-landroid-m500\/","title":{"rendered":"Worx Landroid M500"},"content":{"rendered":"<div id=\"asset-04\" class=\"float-row mb-3 float-row-width-80\">\n<div class=\"col-100\">\n<div class=\"short-description\">Robot tondeuse avec technologie \u00e9prouv\u00e9e par c\u00e2ble p\u00e9riph\u00e9rique. Choisie par plus d\u2019un million de propri\u00e9taires. Id\u00e9al pour les pelouses clairement d\u00e9limit\u00e9es.<\/div>\n<\/div>\n<\/div>\n<div id=\"asset-09\" class=\"asset-09 float-row mb-3 float-row-width-80\">\n<div id=\"list-rounded\" class=\"col-100 list-rounded\">\n<ul>\n<li>Intelligent: programmation automatique cognitive Noesis\u2122<\/li>\n<li>Pr\u00e9cis: Cut-to-Edge minimise le besoin de coupe manuelle des bordures<\/li>\n<li>Efficace: le robot tondeuse le plus efficace et le plus agile, gr\u00e2ce \u00e0 la technologie brevet\u00e9e AIA\u2122<\/li>\n<li>Configurable selon vos besoins: choisissez parmi quatre options uniques<\/li>\n<li>Polyvalent: la batterie PowerShare s\u2019adapte \u00e0 tous les outils sans fil Worx<\/li>\n<li>P\u00e9rennit\u00e9 assur\u00e9e: mises \u00e0 jour logicielles automatiques Over-the-Air<\/li>\n<\/ul>\n<\/div>\n<\/div>\n","protected":false},"excerpt":{"rendered":"<h1 id=\"row-title\" class=\"product_title entry-title title-h2-slab txt-orange\">Robot tondeuse Landroid S &#8211; Pour des pelouses jusqu\u2019\u00e0 500 m<sup>2<\/sup><\/h1>\n","protected":false},"featured_media":18663,"comment_status":"open","ping_status":"closed","template":"","meta":[],"product_brand":[],"product_cat":[186],"product_tag":[],"class_list":{"0":"post-18662","1":"product","2":"type-product","3":"status-publish","4":"has-post-thumbnail","6":"product_cat-robot-tondeuse","8":"first","9":"instock","10":"sale","11":"shipping-taxable","12":"purchasable","13":"product-type-simple","14":"add-to-wishlist-after_add_to_cart"},"aioseo_notices":[],"_links":{"self":[{"href":"https:\/\/manumotoculture.store\/agrilionel\/wp-json\/wp\/v2\/product\/18662","targetHints":{"allow":["GET"]}}],"collection":[{"href":"https:\/\/manumotoculture.store\/agrilionel\/wp-json\/wp\/v2\/product"}],"about":[{"href":"https:\/\/manumotoculture.store\/agrilionel\/wp-json\/wp\/v2\/types\/product"}],"replies":[{"embeddable":true,"href":"https:\/\/manumotoculture.store\/agrilionel\/wp-json\/wp\/v2\/comments?post=18662"}],"wp:featuredmedia":[{"embeddable":true,"href":"https:\/\/manumotoculture.store\/agrilionel\/wp-json\/wp\/v2\/media\/18663"}],"wp:attachment":[{"href":"https:\/\/manumotoculture.store\/agrilionel\/wp-json\/wp\/v2\/media?parent=18662"}],"wp:term":[{"taxonomy":"product_brand","embeddable":true,"href":"https:\/\/manumotoculture.store\/agrilionel\/wp-json\/wp\/v2\/product_brand?post=18662"},{"taxonomy":"product_cat","embeddable":true,"href":"https:\/\/manumotoculture.store\/agrilionel\/wp-json\/wp\/v2\/product_cat?post=18662"},{"taxonomy":"product_tag","embeddable":true,"href":"https:\/\/manumotoculture.store\/agrilionel\/wp-json\/wp\/v2\/product_tag?post=18662"}],"curies":[{"name":"wp","href":"https:\/\/api.w.org\/{rel}","templated":true}]}}