{"id":18658,"date":"2026-04-14T14:20:12","date_gmt":"2026-04-14T14:20:12","guid":{"rendered":"https:\/\/manumotoculture.store\/agrilionel\/?post_type=product&#038;p=18658"},"modified":"2026-04-14T14:20:13","modified_gmt":"2026-04-14T14:20:13","slug":"john-deere-x107","status":"publish","type":"product","link":"https:\/\/manumotoculture.store\/agrilionel\/product\/john-deere-x107\/","title":{"rendered":"John Deere X107"},"content":{"rendered":"<p>La tondeuse autoport\u00e9e\u00a0<strong>John Deere X107<\/strong>\u00a0est la solution id\u00e9ale pour les particuliers exigeants souhaitant entretenir des pelouses de taille moyenne \u00e0 grande avec efficacit\u00e9 et confort. Robuste, fiable et intuitive, elle est dot\u00e9e d\u2019un\u00a0<strong>puissant moteur Briggs&amp;Stratton<\/strong>, d\u2019une transmission automatique et d\u2019un carter de coupe performant. Le tout est con\u00e7u pour offrir une qualit\u00e9 de tonte irr\u00e9prochable.<\/p>\n<div class=\"elementor-element elementor-element-9b552f4 elementor-widget elementor-widget-heading\" data-id=\"9b552f4\" data-element_type=\"widget\" data-widget_type=\"heading.default\">\n<div class=\"elementor-widget-container\">\n<h3 class=\"elementor-heading-title\">Les principaux avantages de la tondeuse autoport\u00e9e John Deere X107<\/h3>\n<\/div>\n<\/div>\n<div class=\"elementor-element elementor-element-42b50a01 elementor-widget elementor-widget-text-editor\" data-id=\"42b50a01\" data-element_type=\"widget\" data-widget_type=\"text-editor.default\">\n<div class=\"elementor-widget-container\">\n<div class=\"elementor-text-editor elementor-clearfix\">\n<h3><\/h3>\n<ul>\n<li><strong>Puissance et efficacit\u00e9 :<\/strong>\u00a0Propuls\u00e9e par un\u00a0<strong>moteur Briggs &amp; Stratton\u00a0robuste de 500 cm3<\/strong>, la\u00a0<strong>tondeuse autoport\u00e9e X107<\/strong>\u00a0assure une coupe\u00a0<strong>rapide<\/strong>\u00a0et\u00a0<strong>pr\u00e9cise<\/strong>, m\u00eame dans des conditions difficiles notamment gr\u00e2ce \u00e0 la conception de son carter de coupe.<\/li>\n<li><strong>Confort d&#8217;utilisation :<\/strong>\u00a0Le\u00a0<strong>design ergonomique<\/strong>\u00a0et le\u00a0<strong>si\u00e8ge ajustable<\/strong>\u00a0offrent un\u00a0<strong>confort optimal<\/strong>\u00a0lors des longues sessions de tonte, r\u00e9duisant la fatigue de l&#8217;utilisateur.<\/li>\n<li><strong>Polyvalence :<\/strong>\u00a0Adapt\u00e9e \u00e0 divers terrains, la\u00a0<strong>tondeuse X107<\/strong>\u00a0est id\u00e9ale pour les\u00a0<strong>pelouses r\u00e9sidentielles, les parcs et les terrains de sport.<\/strong><\/li>\n<li><strong>Durabilit\u00e9 :<\/strong>\u00a0Construite pour une utilisation intensive, cette\u00a0<strong>autoport\u00e9e<\/strong>\u00a0est fiable et robuste, assurant\u00a0<strong>une performance constante au fil des ann\u00e9es.<\/strong><\/li>\n<li><strong>Fonctionnalit\u00e9s :<\/strong>\u00a0Dot\u00e9e de\u00a0<strong>caract\u00e9ristiques avanc\u00e9es<\/strong>, telles qu&#8217;une\u00a0<strong>direction assist\u00e9e,<\/strong>\u00a0<strong>une transmission hydrostatique<\/strong>\u00a0et\u00a0<strong>un plateau de coupe r\u00e9glable<\/strong>, assurant une\u00a0<strong>coupe pr\u00e9cise<\/strong>\u00a0et\u00a0<strong>uniforme<\/strong>.<\/li>\n<\/ul>\n<\/div>\n<\/div>\n<\/div>\n","protected":false},"excerpt":{"rendered":"<h2><strong>La tondeuse autoport\u00e9e X107 de chez JOHN DEERE allie fiabilit\u00e9, durabilit\u00e9 et puissance.<br \/>\n<\/strong><\/h2>\n","protected":false},"featured_media":18659,"comment_status":"open","ping_status":"closed","template":"","meta":[],"product_brand":[],"product_cat":[185],"product_tag":[],"class_list":{"0":"post-18658","1":"product","2":"type-product","3":"status-publish","4":"has-post-thumbnail","6":"product_cat-autoportee","8":"first","9":"instock","10":"sale","11":"shipping-taxable","12":"purchasable","13":"product-type-simple","14":"add-to-wishlist-after_add_to_cart"},"aioseo_notices":[],"_links":{"self":[{"href":"https:\/\/manumotoculture.store\/agrilionel\/wp-json\/wp\/v2\/product\/18658","targetHints":{"allow":["GET"]}}],"collection":[{"href":"https:\/\/manumotoculture.store\/agrilionel\/wp-json\/wp\/v2\/product"}],"about":[{"href":"https:\/\/manumotoculture.store\/agrilionel\/wp-json\/wp\/v2\/types\/product"}],"replies":[{"embeddable":true,"href":"https:\/\/manumotoculture.store\/agrilionel\/wp-json\/wp\/v2\/comments?post=18658"}],"wp:featuredmedia":[{"embeddable":true,"href":"https:\/\/manumotoculture.store\/agrilionel\/wp-json\/wp\/v2\/media\/18659"}],"wp:attachment":[{"href":"https:\/\/manumotoculture.store\/agrilionel\/wp-json\/wp\/v2\/media?parent=18658"}],"wp:term":[{"taxonomy":"product_brand","embeddable":true,"href":"https:\/\/manumotoculture.store\/agrilionel\/wp-json\/wp\/v2\/product_brand?post=18658"},{"taxonomy":"product_cat","embeddable":true,"href":"https:\/\/manumotoculture.store\/agrilionel\/wp-json\/wp\/v2\/product_cat?post=18658"},{"taxonomy":"product_tag","embeddable":true,"href":"https:\/\/manumotoculture.store\/agrilionel\/wp-json\/wp\/v2\/product_tag?post=18658"}],"curies":[{"name":"wp","href":"https:\/\/api.w.org\/{rel}","templated":true}]}}