{"id":18651,"date":"2026-04-14T13:40:17","date_gmt":"2026-04-14T13:40:17","guid":{"rendered":"https:\/\/manumotoculture.store\/agrilionel\/?post_type=product&#038;p=18651"},"modified":"2026-04-14T14:48:08","modified_gmt":"2026-04-14T14:48:08","slug":"husqvarna-automower-305","status":"publish","type":"product","link":"https:\/\/manumotoculture.store\/agrilionel\/product\/husqvarna-automower-305\/","title":{"rendered":"Husqvarna Automower\u00ae 305"},"content":{"rendered":"<p>L&#8217;Automower\u00ae\u00a0Husqvarna\u00a0305 est un robot tondeuse compact, id\u00e9al pour les jardins complexes et de petite taille jusqu&#8217;\u00e0 600\u00a0m\u00b2, et qui prend en charge efficacement des pentes avec une inclinaison de 40\u00a0%. Dans les passages \u00e9troits, il passe en mode de tonte syst\u00e9matique pour r\u00e9duire les virages et minimiser les traces de roues. Facile \u00e0 utiliser et \u00e0 nettoyer, le robot tondeuse est dot\u00e9 d&#8217;une protection antigel qui interrompt le programme de tonte en cas de gel ainsi que d&#8217;une minuterie adaptative (m\u00e9t\u00e9o) qui adapte les temps de tonte en fonction de la saison. Cela permet de ne pas user le gazon inutilement. Utilisez Automower\u00ae\u00a0Connect, tr\u00e8s pratique pour contr\u00f4ler le robot tondeuse depuis votre t\u00e9l\u00e9phone portable.<\/p>\n","protected":false},"excerpt":{"rendered":"<p>L&#8217;Automower\u00ae\u00a0Husqvarna\u00a0305 est un robot tondeuse compact, id\u00e9al pour les jardins complexes et de petite taille jusqu&#8217;\u00e0 600\u00a0m\u00b2, et qui prend en charge efficacement des pentes avec une inclinaison de 40\u00a0%. Dans les passages \u00e9troits, il passe en mode de tonte syst\u00e9matique pour r\u00e9duire les virages et minimiser les traces de roues. Facile \u00e0 utiliser et [&hellip;]<\/p>\n","protected":false},"featured_media":18652,"comment_status":"open","ping_status":"closed","template":"","meta":[],"product_brand":[],"product_cat":[186],"product_tag":[],"class_list":{"0":"post-18651","1":"product","2":"type-product","3":"status-publish","4":"has-post-thumbnail","6":"product_cat-robot-tondeuse","8":"first","9":"instock","10":"sale","11":"shipping-taxable","12":"purchasable","13":"product-type-simple","14":"add-to-wishlist-after_add_to_cart"},"aioseo_notices":[],"_links":{"self":[{"href":"https:\/\/manumotoculture.store\/agrilionel\/wp-json\/wp\/v2\/product\/18651","targetHints":{"allow":["GET"]}}],"collection":[{"href":"https:\/\/manumotoculture.store\/agrilionel\/wp-json\/wp\/v2\/product"}],"about":[{"href":"https:\/\/manumotoculture.store\/agrilionel\/wp-json\/wp\/v2\/types\/product"}],"replies":[{"embeddable":true,"href":"https:\/\/manumotoculture.store\/agrilionel\/wp-json\/wp\/v2\/comments?post=18651"}],"wp:featuredmedia":[{"embeddable":true,"href":"https:\/\/manumotoculture.store\/agrilionel\/wp-json\/wp\/v2\/media\/18652"}],"wp:attachment":[{"href":"https:\/\/manumotoculture.store\/agrilionel\/wp-json\/wp\/v2\/media?parent=18651"}],"wp:term":[{"taxonomy":"product_brand","embeddable":true,"href":"https:\/\/manumotoculture.store\/agrilionel\/wp-json\/wp\/v2\/product_brand?post=18651"},{"taxonomy":"product_cat","embeddable":true,"href":"https:\/\/manumotoculture.store\/agrilionel\/wp-json\/wp\/v2\/product_cat?post=18651"},{"taxonomy":"product_tag","embeddable":true,"href":"https:\/\/manumotoculture.store\/agrilionel\/wp-json\/wp\/v2\/product_tag?post=18651"}],"curies":[{"name":"wp","href":"https:\/\/api.w.org\/{rel}","templated":true}]}}