{"id":18586,"date":"2026-04-13T13:00:18","date_gmt":"2026-04-13T13:00:18","guid":{"rendered":"https:\/\/manumotoculture.store\/agrilionel\/?post_type=product&#038;p=18586"},"modified":"2026-04-14T10:57:28","modified_gmt":"2026-04-14T10:57:28","slug":"john-deere-z-320-m","status":"publish","type":"product","link":"https:\/\/manumotoculture.store\/agrilionel\/product\/john-deere-z-320-m\/","title":{"rendered":"John Deere Z 320 M"},"content":{"rendered":"<p>Simplicit\u00e9 d\u2019utilisation<br \/>\nExcellente man\u0153uvrabilit\u00e9<br \/>\nConstruction robuste<br \/>\nVitesses de tonte plus \u00e9lev\u00e9es : 11,3 km\/h (7 mph)<br \/>\n12,7 kW (17 hp)<br \/>\nUnit\u00e9 de coupe Accel Deep\u2122 de 107 cm (42 in)<\/p>\n","protected":false},"excerpt":{"rendered":"<p>Simplicit\u00e9 d\u2019utilisation Excellente man\u0153uvrabilit\u00e9 Construction robuste Vitesses de tonte plus \u00e9lev\u00e9es : 11,3 km\/h (7 mph) 12,7 kW (17 hp) Unit\u00e9 de coupe Accel Deep\u2122 de 107 cm (42 in)<\/p>\n","protected":false},"featured_media":18608,"comment_status":"open","ping_status":"closed","template":"","meta":[],"product_brand":[],"product_cat":[185],"product_tag":[],"class_list":{"0":"post-18586","1":"product","2":"type-product","3":"status-publish","4":"has-post-thumbnail","6":"product_cat-autoportee","8":"first","9":"instock","10":"shipping-taxable","11":"product-type-simple","12":"add-to-wishlist-after_add_to_cart"},"aioseo_notices":[],"_links":{"self":[{"href":"https:\/\/manumotoculture.store\/agrilionel\/wp-json\/wp\/v2\/product\/18586","targetHints":{"allow":["GET"]}}],"collection":[{"href":"https:\/\/manumotoculture.store\/agrilionel\/wp-json\/wp\/v2\/product"}],"about":[{"href":"https:\/\/manumotoculture.store\/agrilionel\/wp-json\/wp\/v2\/types\/product"}],"replies":[{"embeddable":true,"href":"https:\/\/manumotoculture.store\/agrilionel\/wp-json\/wp\/v2\/comments?post=18586"}],"wp:featuredmedia":[{"embeddable":true,"href":"https:\/\/manumotoculture.store\/agrilionel\/wp-json\/wp\/v2\/media\/18608"}],"wp:attachment":[{"href":"https:\/\/manumotoculture.store\/agrilionel\/wp-json\/wp\/v2\/media?parent=18586"}],"wp:term":[{"taxonomy":"product_brand","embeddable":true,"href":"https:\/\/manumotoculture.store\/agrilionel\/wp-json\/wp\/v2\/product_brand?post=18586"},{"taxonomy":"product_cat","embeddable":true,"href":"https:\/\/manumotoculture.store\/agrilionel\/wp-json\/wp\/v2\/product_cat?post=18586"},{"taxonomy":"product_tag","embeddable":true,"href":"https:\/\/manumotoculture.store\/agrilionel\/wp-json\/wp\/v2\/product_tag?post=18586"}],"curies":[{"name":"wp","href":"https:\/\/api.w.org\/{rel}","templated":true}]}}