{"id":18585,"date":"2026-04-13T13:00:18","date_gmt":"2026-04-13T13:00:18","guid":{"rendered":"https:\/\/manumotoculture.store\/agrilionel\/?post_type=product&#038;p=18585"},"modified":"2026-04-14T10:57:16","modified_gmt":"2026-04-14T10:57:16","slug":"john-deere-x590","status":"publish","type":"product","link":"https:\/\/manumotoculture.store\/agrilionel\/product\/john-deere-x590\/","title":{"rendered":"John Deere X590"},"content":{"rendered":"<p>Excellent puissance et performance<br \/>\nCh\u00e2ssis soud\u00e9 renforc\u00e9<br \/>\nDirection assist\u00e9e<br \/>\nRelevage du carter de coupe hydraulique<br \/>\nCoupe 122cm<br \/>\nOption coupe 137 (260\u20ac)<\/p>\n","protected":false},"excerpt":{"rendered":"<p>Excellent puissance et performance Ch\u00e2ssis soud\u00e9 renforc\u00e9 Direction assist\u00e9e Relevage du carter de coupe hydraulique Coupe 122cm Option coupe 137 (260\u20ac)<\/p>\n","protected":false},"featured_media":18607,"comment_status":"open","ping_status":"closed","template":"","meta":[],"product_brand":[],"product_cat":[185],"product_tag":[],"class_list":{"0":"post-18585","1":"product","2":"type-product","3":"status-publish","4":"has-post-thumbnail","6":"product_cat-autoportee","8":"first","9":"instock","10":"shipping-taxable","11":"product-type-simple","12":"add-to-wishlist-after_add_to_cart"},"aioseo_notices":[],"_links":{"self":[{"href":"https:\/\/manumotoculture.store\/agrilionel\/wp-json\/wp\/v2\/product\/18585","targetHints":{"allow":["GET"]}}],"collection":[{"href":"https:\/\/manumotoculture.store\/agrilionel\/wp-json\/wp\/v2\/product"}],"about":[{"href":"https:\/\/manumotoculture.store\/agrilionel\/wp-json\/wp\/v2\/types\/product"}],"replies":[{"embeddable":true,"href":"https:\/\/manumotoculture.store\/agrilionel\/wp-json\/wp\/v2\/comments?post=18585"}],"wp:featuredmedia":[{"embeddable":true,"href":"https:\/\/manumotoculture.store\/agrilionel\/wp-json\/wp\/v2\/media\/18607"}],"wp:attachment":[{"href":"https:\/\/manumotoculture.store\/agrilionel\/wp-json\/wp\/v2\/media?parent=18585"}],"wp:term":[{"taxonomy":"product_brand","embeddable":true,"href":"https:\/\/manumotoculture.store\/agrilionel\/wp-json\/wp\/v2\/product_brand?post=18585"},{"taxonomy":"product_cat","embeddable":true,"href":"https:\/\/manumotoculture.store\/agrilionel\/wp-json\/wp\/v2\/product_cat?post=18585"},{"taxonomy":"product_tag","embeddable":true,"href":"https:\/\/manumotoculture.store\/agrilionel\/wp-json\/wp\/v2\/product_tag?post=18585"}],"curies":[{"name":"wp","href":"https:\/\/api.w.org\/{rel}","templated":true}]}}