{"id":18581,"date":"2026-04-13T13:00:18","date_gmt":"2026-04-13T13:00:18","guid":{"rendered":"https:\/\/manumotoculture.store\/agrilionel\/?post_type=product&#038;p=18581"},"modified":"2026-04-14T10:58:03","modified_gmt":"2026-04-14T10:58:03","slug":"john-deere-x147r","status":"publish","type":"product","link":"https:\/\/manumotoculture.store\/agrilionel\/product\/john-deere-x147r\/","title":{"rendered":"John Deere X147R"},"content":{"rendered":"<p>Engagement de l\u2019unit\u00e9 de coupe : \u00e9lectrique<br \/>\nBac de ramassage : 300 litres<br \/>\nSi\u00e8ge : dossier sur\u00e9lev\u00e9, de s\u00e9rie<br \/>\nKit mulching : en option<br \/>\nPare-chocs : en option<br \/>\nCoupe 92cm<\/p>\n","protected":false},"excerpt":{"rendered":"<p>Engagement de l\u2019unit\u00e9 de coupe : \u00e9lectrique Bac de ramassage : 300 litres Si\u00e8ge : dossier sur\u00e9lev\u00e9, de s\u00e9rie Kit mulching : en option Pare-chocs : en option Coupe 92cm<\/p>\n","protected":false},"featured_media":18603,"comment_status":"open","ping_status":"closed","template":"","meta":[],"product_brand":[],"product_cat":[185],"product_tag":[],"class_list":{"0":"post-18581","1":"product","2":"type-product","3":"status-publish","4":"has-post-thumbnail","6":"product_cat-autoportee","8":"first","9":"instock","10":"shipping-taxable","11":"product-type-simple","12":"add-to-wishlist-after_add_to_cart"},"aioseo_notices":[],"_links":{"self":[{"href":"https:\/\/manumotoculture.store\/agrilionel\/wp-json\/wp\/v2\/product\/18581","targetHints":{"allow":["GET"]}}],"collection":[{"href":"https:\/\/manumotoculture.store\/agrilionel\/wp-json\/wp\/v2\/product"}],"about":[{"href":"https:\/\/manumotoculture.store\/agrilionel\/wp-json\/wp\/v2\/types\/product"}],"replies":[{"embeddable":true,"href":"https:\/\/manumotoculture.store\/agrilionel\/wp-json\/wp\/v2\/comments?post=18581"}],"wp:featuredmedia":[{"embeddable":true,"href":"https:\/\/manumotoculture.store\/agrilionel\/wp-json\/wp\/v2\/media\/18603"}],"wp:attachment":[{"href":"https:\/\/manumotoculture.store\/agrilionel\/wp-json\/wp\/v2\/media?parent=18581"}],"wp:term":[{"taxonomy":"product_brand","embeddable":true,"href":"https:\/\/manumotoculture.store\/agrilionel\/wp-json\/wp\/v2\/product_brand?post=18581"},{"taxonomy":"product_cat","embeddable":true,"href":"https:\/\/manumotoculture.store\/agrilionel\/wp-json\/wp\/v2\/product_cat?post=18581"},{"taxonomy":"product_tag","embeddable":true,"href":"https:\/\/manumotoculture.store\/agrilionel\/wp-json\/wp\/v2\/product_tag?post=18581"}],"curies":[{"name":"wp","href":"https:\/\/api.w.org\/{rel}","templated":true}]}}