{"id":18580,"date":"2026-04-13T13:00:17","date_gmt":"2026-04-13T13:00:17","guid":{"rendered":"https:\/\/manumotoculture.store\/agrilionel\/?post_type=product&#038;p=18580"},"modified":"2026-04-14T11:04:49","modified_gmt":"2026-04-14T11:04:49","slug":"mammotion-yuka-mini-500","status":"publish","type":"product","link":"https:\/\/manumotoculture.store\/agrilionel\/product\/mammotion-yuka-mini-500\/","title":{"rendered":"MAMMOTION YUKA mini 500"},"content":{"rendered":"<ul data-start=\"17\" data-end=\"317\">\n<li data-start=\"17\" data-end=\"55\"><strong data-start=\"19\" data-end=\"53\">Extension de garantie d\u2019un an.<\/strong><\/li>\n<li data-start=\"56\" data-end=\"140\">Exon\u00e9ration des frais de main-d&#8217;\u0153uvre, de service et de r\u00e9paration\/remplacement.<\/li>\n<li data-start=\"141\" data-end=\"223\">Garantie avec les m\u00eames conditions que la garantie standard limit\u00e9e d&#8217;origine.<\/li>\n<li data-start=\"224\" data-end=\"261\">Exp\u00e9dition aller-retour gratuite.<\/li>\n<li data-start=\"262\" data-end=\"317\">Assistance technique officielle et professionnelle.<\/li>\n<\/ul>\n<p data-start=\"319\" data-end=\"751\">Ce service d&#8217;extension de garantie s&#8217;applique au\u00a0<strong data-start=\"368\" data-end=\"398\">MAMMOTION YUKA mini 500<\/strong>.<br data-start=\"399\" data-end=\"402\" \/>Il est disponible si vous avez achet\u00e9 une tondeuse robot MAMMOTION et activ\u00e9 le produit dans un d\u00e9lai de 60 jours.<br data-start=\"516\" data-end=\"519\" \/>Apr\u00e8s votre commande, le service sera automatiquement li\u00e9 \u00e0 votre tondeuse gr\u00e2ce \u00e0 son num\u00e9ro de s\u00e9rie. Vous pourrez v\u00e9rifier son statut dans l&#8217;application MAMMOTION.<br data-start=\"685\" data-end=\"688\" \/>Pour plus de d\u00e9tails, veuillez consulter l\u2019<a href=\"https:\/\/fr.mammotion.com\/pages\/extended-warranty-policy\">Accord de Service<\/a>.<\/p>\n","protected":false},"excerpt":{"rendered":"<p>Extension de garantie d\u2019un an. Exon\u00e9ration des frais de main-d&#8217;\u0153uvre, de service et de r\u00e9paration\/remplacement. Garantie avec les m\u00eames conditions que la garantie standard limit\u00e9e d&#8217;origine. Exp\u00e9dition aller-retour gratuite. Assistance technique officielle et professionnelle. Ce service d&#8217;extension de garantie s&#8217;applique au\u00a0MAMMOTION YUKA mini 500.Il est disponible si vous avez achet\u00e9 une tondeuse robot MAMMOTION et [&hellip;]<\/p>\n","protected":false},"featured_media":18602,"comment_status":"open","ping_status":"closed","template":"","meta":[],"product_brand":[],"product_cat":[186],"product_tag":[],"class_list":{"0":"post-18580","1":"product","2":"type-product","3":"status-publish","4":"has-post-thumbnail","6":"product_cat-robot-tondeuse","8":"first","9":"instock","10":"shipping-taxable","11":"product-type-simple","12":"add-to-wishlist-after_add_to_cart"},"aioseo_notices":[],"_links":{"self":[{"href":"https:\/\/manumotoculture.store\/agrilionel\/wp-json\/wp\/v2\/product\/18580","targetHints":{"allow":["GET"]}}],"collection":[{"href":"https:\/\/manumotoculture.store\/agrilionel\/wp-json\/wp\/v2\/product"}],"about":[{"href":"https:\/\/manumotoculture.store\/agrilionel\/wp-json\/wp\/v2\/types\/product"}],"replies":[{"embeddable":true,"href":"https:\/\/manumotoculture.store\/agrilionel\/wp-json\/wp\/v2\/comments?post=18580"}],"wp:featuredmedia":[{"embeddable":true,"href":"https:\/\/manumotoculture.store\/agrilionel\/wp-json\/wp\/v2\/media\/18602"}],"wp:attachment":[{"href":"https:\/\/manumotoculture.store\/agrilionel\/wp-json\/wp\/v2\/media?parent=18580"}],"wp:term":[{"taxonomy":"product_brand","embeddable":true,"href":"https:\/\/manumotoculture.store\/agrilionel\/wp-json\/wp\/v2\/product_brand?post=18580"},{"taxonomy":"product_cat","embeddable":true,"href":"https:\/\/manumotoculture.store\/agrilionel\/wp-json\/wp\/v2\/product_cat?post=18580"},{"taxonomy":"product_tag","embeddable":true,"href":"https:\/\/manumotoculture.store\/agrilionel\/wp-json\/wp\/v2\/product_tag?post=18580"}],"curies":[{"name":"wp","href":"https:\/\/api.w.org\/{rel}","templated":true}]}}