{"id":18579,"date":"2026-04-13T13:00:17","date_gmt":"2026-04-13T13:00:17","guid":{"rendered":"https:\/\/manumotoculture.store\/agrilionel\/?post_type=product&#038;p=18579"},"modified":"2026-04-14T11:01:39","modified_gmt":"2026-04-14T11:01:39","slug":"wolf-a80h2","status":"publish","type":"product","link":"https:\/\/manumotoculture.store\/agrilionel\/product\/wolf-a80h2\/","title":{"rendered":"wolf A80H2"},"content":{"rendered":"<p>Compacte, accrocheuse, souple et polyvalente, l&#8217;A80 s\u2019adapte \u00e0 tous les terrains, \u00e0 toutes les tontes, \u00e0 tous les travaux.<\/p>\n<p>Livr\u00e9e avec un insert mulching de s\u00e9rie, c&#8217;est une tondeuse 3-en-1 : ramassage (herbe m\u00eame mouill\u00e9e et feuilles mortes), mulching, \u00e9jection arri\u00e8re ou lat\u00e9rale (avec d\u00e9flecteur en option)<\/p>\n<p>Accessoirisez-la pour d\u00e9neiger, \u00e9mousser et remorquer.<\/p>\n<p><strong>+ Motorisation\u00a0Honda OHV 9,5CV\/7,1kW\u00a0<\/strong><\/p>\n","protected":false},"excerpt":{"rendered":"<p>Compacte, accrocheuse, souple et polyvalente, l&#8217;A80 s\u2019adapte \u00e0 tous les terrains, \u00e0 toutes les tontes, \u00e0 tous les travaux. Livr\u00e9e avec un insert mulching de s\u00e9rie, c&#8217;est une tondeuse 3-en-1 : ramassage (herbe m\u00eame mouill\u00e9e et feuilles mortes), mulching, \u00e9jection arri\u00e8re ou lat\u00e9rale (avec d\u00e9flecteur en option) Accessoirisez-la pour d\u00e9neiger, \u00e9mousser et remorquer. + Motorisation\u00a0Honda [&hellip;]<\/p>\n","protected":false},"featured_media":18601,"comment_status":"open","ping_status":"closed","template":"","meta":[],"product_brand":[],"product_cat":[185],"product_tag":[],"class_list":{"0":"post-18579","1":"product","2":"type-product","3":"status-publish","4":"has-post-thumbnail","6":"product_cat-autoportee","8":"first","9":"instock","10":"shipping-taxable","11":"product-type-simple","12":"add-to-wishlist-after_add_to_cart"},"aioseo_notices":[],"_links":{"self":[{"href":"https:\/\/manumotoculture.store\/agrilionel\/wp-json\/wp\/v2\/product\/18579","targetHints":{"allow":["GET"]}}],"collection":[{"href":"https:\/\/manumotoculture.store\/agrilionel\/wp-json\/wp\/v2\/product"}],"about":[{"href":"https:\/\/manumotoculture.store\/agrilionel\/wp-json\/wp\/v2\/types\/product"}],"replies":[{"embeddable":true,"href":"https:\/\/manumotoculture.store\/agrilionel\/wp-json\/wp\/v2\/comments?post=18579"}],"wp:featuredmedia":[{"embeddable":true,"href":"https:\/\/manumotoculture.store\/agrilionel\/wp-json\/wp\/v2\/media\/18601"}],"wp:attachment":[{"href":"https:\/\/manumotoculture.store\/agrilionel\/wp-json\/wp\/v2\/media?parent=18579"}],"wp:term":[{"taxonomy":"product_brand","embeddable":true,"href":"https:\/\/manumotoculture.store\/agrilionel\/wp-json\/wp\/v2\/product_brand?post=18579"},{"taxonomy":"product_cat","embeddable":true,"href":"https:\/\/manumotoculture.store\/agrilionel\/wp-json\/wp\/v2\/product_cat?post=18579"},{"taxonomy":"product_tag","embeddable":true,"href":"https:\/\/manumotoculture.store\/agrilionel\/wp-json\/wp\/v2\/product_tag?post=18579"}],"curies":[{"name":"wp","href":"https:\/\/api.w.org\/{rel}","templated":true}]}}