{"id":18576,"date":"2026-04-13T13:00:17","date_gmt":"2026-04-13T13:00:17","guid":{"rendered":"https:\/\/manumotoculture.store\/agrilionel\/?post_type=product&#038;p=18576"},"modified":"2026-04-14T11:00:43","modified_gmt":"2026-04-14T11:00:43","slug":"wolf-a80b2-3000-5000","status":"publish","type":"product","link":"https:\/\/manumotoculture.store\/agrilionel\/product\/wolf-a80b2-3000-5000\/","title":{"rendered":"wolf A80B2 3000-5000"},"content":{"rendered":"<p>Compacte, accrocheuse, souple et polyvalente, l&#8217;A80 s\u2019adapte \u00e0 tous les terrains, \u00e0 toutes les tontes, \u00e0 tous les travaux.<\/p>\n<p>&nbsp;<\/p>\n<p>Livr\u00e9e avec un insert mulching de s\u00e9rie, c&#8217;est une tondeuse 3-en-1 : ramassage (herbe m\u00eame mouill\u00e9e et feuilles mortes), mulching, \u00e9jection arri\u00e8re ou lat\u00e9rale (avec d\u00e9flecteur en option)<\/p>\n<p>Accessoirisez-la avec une lame neige pour d\u00e9neiger, un \u00e9mousseur pour a\u00e9rer votre pelouse et une barre de remorquage pour une remorque ou d&#8217;autres accessoires<\/p>\n<p><strong><a href=\"https:\/\/www.outils-wolf.fr\/garantie\"><img decoding=\"async\" src=\"https:\/\/www.outils-wolf.fr\/sites\/default\/files\/ow_extension_garantie_2024_fr_fond_gris_104x104px_0.png\" alt=\"\" \/><\/a><\/strong><\/p>\n<p><strong>+ Motorisation\u00a0Briggs &amp; Straton\u00a0Intek, 8,5 kW\/11.5CV<\/strong><\/p>\n<p><span class=\"c-univers--lawn\"><strong>tondeuse \u00e9ligible \u00e0 l&#8217;<a href=\"https:\/\/www.outils-wolf.fr\/garantie\">extension de garantie<\/a><\/strong><\/span><\/p>\n","protected":false},"excerpt":{"rendered":"<p>Compacte, accrocheuse, souple et polyvalente, l&#8217;A80 s\u2019adapte \u00e0 tous les terrains, \u00e0 toutes les tontes, \u00e0 tous les travaux. &nbsp; Livr\u00e9e avec un insert mulching de s\u00e9rie, c&#8217;est une tondeuse 3-en-1 : ramassage (herbe m\u00eame mouill\u00e9e et feuilles mortes), mulching, \u00e9jection arri\u00e8re ou lat\u00e9rale (avec d\u00e9flecteur en option) Accessoirisez-la avec une lame neige pour d\u00e9neiger, [&hellip;]<\/p>\n","protected":false},"featured_media":18597,"comment_status":"open","ping_status":"closed","template":"","meta":[],"product_brand":[],"product_cat":[185],"product_tag":[],"class_list":{"0":"post-18576","1":"product","2":"type-product","3":"status-publish","4":"has-post-thumbnail","6":"product_cat-autoportee","8":"first","9":"instock","10":"shipping-taxable","11":"product-type-simple","12":"add-to-wishlist-after_add_to_cart"},"aioseo_notices":[],"_links":{"self":[{"href":"https:\/\/manumotoculture.store\/agrilionel\/wp-json\/wp\/v2\/product\/18576","targetHints":{"allow":["GET"]}}],"collection":[{"href":"https:\/\/manumotoculture.store\/agrilionel\/wp-json\/wp\/v2\/product"}],"about":[{"href":"https:\/\/manumotoculture.store\/agrilionel\/wp-json\/wp\/v2\/types\/product"}],"replies":[{"embeddable":true,"href":"https:\/\/manumotoculture.store\/agrilionel\/wp-json\/wp\/v2\/comments?post=18576"}],"wp:featuredmedia":[{"embeddable":true,"href":"https:\/\/manumotoculture.store\/agrilionel\/wp-json\/wp\/v2\/media\/18597"}],"wp:attachment":[{"href":"https:\/\/manumotoculture.store\/agrilionel\/wp-json\/wp\/v2\/media?parent=18576"}],"wp:term":[{"taxonomy":"product_brand","embeddable":true,"href":"https:\/\/manumotoculture.store\/agrilionel\/wp-json\/wp\/v2\/product_brand?post=18576"},{"taxonomy":"product_cat","embeddable":true,"href":"https:\/\/manumotoculture.store\/agrilionel\/wp-json\/wp\/v2\/product_cat?post=18576"},{"taxonomy":"product_tag","embeddable":true,"href":"https:\/\/manumotoculture.store\/agrilionel\/wp-json\/wp\/v2\/product_tag?post=18576"}],"curies":[{"name":"wp","href":"https:\/\/api.w.org\/{rel}","templated":true}]}}