{"id":18575,"date":"2026-04-13T13:00:17","date_gmt":"2026-04-13T13:00:17","guid":{"rendered":"https:\/\/manumotoculture.store\/agrilionel\/?post_type=product&#038;p=18575"},"modified":"2026-04-14T10:59:18","modified_gmt":"2026-04-14T10:59:18","slug":"al-ko-comfort-18-103-2-hd","status":"publish","type":"product","link":"https:\/\/manumotoculture.store\/agrilionel\/product\/al-ko-comfort-18-103-2-hd\/","title":{"rendered":"al ko comfort 18 103.2 hd"},"content":{"rendered":"<ul>\n<li>Fonction 2-en-1 : Tonte et ramassage<\/li>\n<li>Moteur Briggs &amp; Stratton puissant, robuste et peu vibrant<\/li>\n<li>Position de si\u00e8ge optimale pour un acc\u00e8s facile aux commandes avec un passage bas confortable<\/li>\n<li>Hydrostatique au pied avec p\u00e9dales ergonomiquement dispos\u00e9es<\/li>\n<li>Syst\u00e8me de coupe \u00e0 2 lames, \u00e0 roulements \u00e0 billes pour une course silencieuse<\/li>\n<li>Embrayage \u00e9lectromagn\u00e9tique des lames<\/li>\n<li>Fonction mulching via un bouchon de mulching, rang\u00e9 de mani\u00e8re pratique sous le carter de coupe<\/li>\n<li>Grandes roues pour une traction optimale<\/li>\n<\/ul>\n<h2>Donn\u00e9es techniques<\/h2>\n<table>\n<tbody>\n<tr>\n<th>Propri\u00e9t\u00e9<\/th>\n<th>Valeur<\/th>\n<\/tr>\n<tr>\n<td>Puissance<\/td>\n<td>8,5 kW<\/td>\n<\/tr>\n<tr>\n<td>Vitesse moteur<\/td>\n<td>2 450 tr\/min<\/td>\n<\/tr>\n<tr>\n<td>Hauteur de coupe max.<\/td>\n<td>80 mm<\/td>\n<\/tr>\n<tr>\n<td>Largeur de coupe<\/td>\n<td>103 cm<\/td>\n<\/tr>\n<tr>\n<td>\u00c9quipement<\/td>\n<td>Inclus avec le syst\u00e8me de coupe<\/td>\n<\/tr>\n<tr>\n<td>Hauteur<\/td>\n<td>0 mm<\/td>\n<\/tr>\n<tr>\n<td>Poids<\/td>\n<td>234 kg<\/td>\n<\/tr>\n<tr>\n<td>Cylindr\u00e9e<\/td>\n<td>500 cm\u00b3<\/td>\n<\/tr>\n<tr>\n<td>Fabricant du moteur<\/td>\n<td>Briggs &amp; Stratton<\/td>\n<\/tr>\n<tr>\n<td>Type de transmission<\/td>\n<td>Hydrostatique (automatique)<\/td>\n<\/tr>\n<tr>\n<td>Syst\u00e8me de coupe<\/td>\n<td>Lames mulching<\/td>\n<\/tr>\n<\/tbody>\n<\/table>\n","protected":false},"excerpt":{"rendered":"<p>Fonction 2-en-1 : Tonte et ramassage Moteur Briggs &amp; Stratton puissant, robuste et peu vibrant Position de si\u00e8ge optimale pour un acc\u00e8s facile aux commandes avec un passage bas confortable Hydrostatique au pied avec p\u00e9dales ergonomiquement dispos\u00e9es Syst\u00e8me de coupe \u00e0 2 lames, \u00e0 roulements \u00e0 billes pour une course silencieuse Embrayage \u00e9lectromagn\u00e9tique des lames [&hellip;]<\/p>\n","protected":false},"featured_media":18596,"comment_status":"open","ping_status":"closed","template":"","meta":[],"product_brand":[],"product_cat":[185],"product_tag":[],"class_list":{"0":"post-18575","1":"product","2":"type-product","3":"status-publish","4":"has-post-thumbnail","6":"product_cat-autoportee","8":"first","9":"instock","10":"shipping-taxable","11":"product-type-simple","12":"add-to-wishlist-after_add_to_cart"},"aioseo_notices":[],"_links":{"self":[{"href":"https:\/\/manumotoculture.store\/agrilionel\/wp-json\/wp\/v2\/product\/18575","targetHints":{"allow":["GET"]}}],"collection":[{"href":"https:\/\/manumotoculture.store\/agrilionel\/wp-json\/wp\/v2\/product"}],"about":[{"href":"https:\/\/manumotoculture.store\/agrilionel\/wp-json\/wp\/v2\/types\/product"}],"replies":[{"embeddable":true,"href":"https:\/\/manumotoculture.store\/agrilionel\/wp-json\/wp\/v2\/comments?post=18575"}],"wp:featuredmedia":[{"embeddable":true,"href":"https:\/\/manumotoculture.store\/agrilionel\/wp-json\/wp\/v2\/media\/18596"}],"wp:attachment":[{"href":"https:\/\/manumotoculture.store\/agrilionel\/wp-json\/wp\/v2\/media?parent=18575"}],"wp:term":[{"taxonomy":"product_brand","embeddable":true,"href":"https:\/\/manumotoculture.store\/agrilionel\/wp-json\/wp\/v2\/product_brand?post=18575"},{"taxonomy":"product_cat","embeddable":true,"href":"https:\/\/manumotoculture.store\/agrilionel\/wp-json\/wp\/v2\/product_cat?post=18575"},{"taxonomy":"product_tag","embeddable":true,"href":"https:\/\/manumotoculture.store\/agrilionel\/wp-json\/wp\/v2\/product_tag?post=18575"}],"curies":[{"name":"wp","href":"https:\/\/api.w.org\/{rel}","templated":true}]}}