{"id":18573,"date":"2026-04-13T13:00:16","date_gmt":"2026-04-13T13:00:16","guid":{"rendered":"https:\/\/manumotoculture.store\/agrilionel\/?post_type=product&#038;p=18573"},"modified":"2026-04-14T11:05:36","modified_gmt":"2026-04-14T11:05:36","slug":"cub-cadet-xt1-enduro","status":"publish","type":"product","link":"https:\/\/manumotoculture.store\/agrilionel\/product\/cub-cadet-xt1-enduro\/","title":{"rendered":"Cub cadet XT1 Enduro"},"content":{"rendered":"<ul class=\"pdp-list\">\n<li class=\"attribute-values\">Le Cub Cadet XT1 LT 42 est aliment\u00e9 par un moteur Cub Cadet de 547 cm\u00b3<\/li>\n<li class=\"attribute-values\">Plateau de coupe moul\u00e9 \u00e0 deux lames de calibre 13 de 107 cm (42 po) avec 12 positions de tonte<\/li>\n<li class=\"attribute-values\">Garantie limit\u00e9e de 3 ans<\/li>\n<li class=\"attribute-values\">Equip\u00e9 d\u2019un syst\u00e8me de direction optimis\u00e9 pour un maniement r\u00e9actif afin de donner \u00e0 un rayon de braquage de 41 cm (16 po) et une sensation de braquage z\u00e9ro<\/li>\n<li class=\"attribute-values\">Id\u00e9ale pour tondre jusqu\u2019\u00e0 1,5 acre plat et quelques obstacles<\/li>\n<li class=\"attribute-values\">Transmission hydrostatique command\u00e9e par pied Tuff Torq<\/li>\n<li class=\"attribute-values\">pas de changement de vitesse, il suffit d\u2019appuyer sur la p\u00e9dale et le tour est jou\u00e9<\/li>\n<\/ul>\n","protected":false},"excerpt":{"rendered":"<p>Le Cub Cadet XT1 LT 42 est aliment\u00e9 par un moteur Cub Cadet de 547 cm\u00b3 Plateau de coupe moul\u00e9 \u00e0 deux lames de calibre 13 de 107 cm (42 po) avec 12 positions de tonte Garantie limit\u00e9e de 3 ans Equip\u00e9 d\u2019un syst\u00e8me de direction optimis\u00e9 pour un maniement r\u00e9actif afin de donner \u00e0 [&hellip;]<\/p>\n","protected":false},"featured_media":18594,"comment_status":"open","ping_status":"closed","template":"","meta":[],"product_brand":[],"product_cat":[185],"product_tag":[],"class_list":{"0":"post-18573","1":"product","2":"type-product","3":"status-publish","4":"has-post-thumbnail","6":"product_cat-autoportee","8":"first","9":"instock","10":"shipping-taxable","11":"product-type-simple","12":"add-to-wishlist-after_add_to_cart"},"aioseo_notices":[],"_links":{"self":[{"href":"https:\/\/manumotoculture.store\/agrilionel\/wp-json\/wp\/v2\/product\/18573","targetHints":{"allow":["GET"]}}],"collection":[{"href":"https:\/\/manumotoculture.store\/agrilionel\/wp-json\/wp\/v2\/product"}],"about":[{"href":"https:\/\/manumotoculture.store\/agrilionel\/wp-json\/wp\/v2\/types\/product"}],"replies":[{"embeddable":true,"href":"https:\/\/manumotoculture.store\/agrilionel\/wp-json\/wp\/v2\/comments?post=18573"}],"wp:featuredmedia":[{"embeddable":true,"href":"https:\/\/manumotoculture.store\/agrilionel\/wp-json\/wp\/v2\/media\/18594"}],"wp:attachment":[{"href":"https:\/\/manumotoculture.store\/agrilionel\/wp-json\/wp\/v2\/media?parent=18573"}],"wp:term":[{"taxonomy":"product_brand","embeddable":true,"href":"https:\/\/manumotoculture.store\/agrilionel\/wp-json\/wp\/v2\/product_brand?post=18573"},{"taxonomy":"product_cat","embeddable":true,"href":"https:\/\/manumotoculture.store\/agrilionel\/wp-json\/wp\/v2\/product_cat?post=18573"},{"taxonomy":"product_tag","embeddable":true,"href":"https:\/\/manumotoculture.store\/agrilionel\/wp-json\/wp\/v2\/product_tag?post=18573"}],"curies":[{"name":"wp","href":"https:\/\/api.w.org\/{rel}","templated":true}]}}