{"id":18572,"date":"2026-04-13T13:00:16","date_gmt":"2026-04-13T13:00:16","guid":{"rendered":"https:\/\/manumotoculture.store\/agrilionel\/?post_type=product&#038;p=18572"},"modified":"2026-04-14T11:06:46","modified_gmt":"2026-04-14T11:06:46","slug":"stiga-combi-166","status":"publish","type":"product","link":"https:\/\/manumotoculture.store\/agrilionel\/product\/stiga-combi-166\/","title":{"rendered":"Stiga combi 166"},"content":{"rendered":"<p>La tondeuse Combi 166 est id\u00e9ale pour tondre des surfaces jusqu&#8217;\u00e0 1\u00a0500\u00a0m\u00b2. \u00c9quip\u00e9e d&#8217;un moteur monocylindre STIGA ST 250 ES de 224\u00a0cc, elle allie puissance, s\u00e9curit\u00e9 et fiabilit\u00e9. Con\u00e7ue pour faciliter la tonte, cette tondeuse \u00e0 \u00e9jection lat\u00e9rale et ramassage est dot\u00e9e d&#8217;un plateau de coupe de 66\u00a0cm et d&#8217;un bac de ramassage de 150\u00a0litres.<\/p>\n<div id=\"product-info\" class=\"container\">\n<div class=\"row\">\n<div class=\"col-xs-12 col-md-12 col-lg-6 col-xl-5 product-info-main\">\n<div class=\"product-info-selling-points\">\n<ul class=\"list_check\">\n<li>Fiable et performant &#8211; Faites confiance \u00e0 la puissance du moteur STIGA ST 250 ES de 224 cc, con\u00e7u pour une tonte intensive.<\/li>\n<li>Leader de sa cat\u00e9gorie &#8211; Obtenez d&#8217;excellents r\u00e9sultats de tonte et de ramassage gr\u00e2ce \u00e0 l&#8217;expertise du premier fabricant europ\u00e9en.<\/li>\n<li>Ramassage et \u00e9jection lat\u00e9rale pour une tonte propre et facile. Bac 150\u202fL id\u00e9al pour les longues sessions sans interruption.<\/li>\n<li>Transmission hydrostatique fluide &#8211; Profitez d&#8217;une conduite fluide et sans faille avec la transmission hydrostatique et le plateau de coupe de 66 cm.<\/li>\n<li>Op\u00e9rations s\u00fbres et faciles : r\u00e9glez la hauteur, allumez phares et machine, et d\u00e9marrez la tonte en marche arri\u00e8re avec le bouton d\u00e9di\u00e9.<\/li>\n<li>Inclus \u00e0 l&#8217;achat &#8211; Obturateur mulching, d\u00e9flecteur lat\u00e9ral et chargeur de batterie inclus.<\/li>\n<\/ul>\n<\/div>\n<div class=\"product-battery-configurator\"><\/div>\n<div class=\"frontmower-configurator\"><\/div>\n<div class=\"product-reassures\">\n<div class=\"product-reassures__item\">\n<div class=\"product-reassures__item__icon\"><\/div>\n<div class=\"product-reassures__item__text\"><button class=\"product-reassures__item__modal-toggle\" data-trigger=\"trigger_product-reassures__modal_0\">Livraison Premium<\/button><\/div>\n<\/div>\n<div class=\"product-reassures__item\">\n<div class=\"product-reassures__item__icon\"><\/div>\n<div class=\"product-reassures__item__text\"><button class=\"product-reassures__item__modal-toggle\" data-trigger=\"trigger_product-reassures__modal_1\">Retours gratuits<\/button><\/div>\n<\/div>\n<\/div>\n<\/div>\n<\/div>\n<\/div>\n<div class=\"product-sticky-addtocart__wrapper\">\n<div class=\"product-sticky-addtocart _initialized\">\n<div class=\"container addtocart-container\">\n<div class=\"addtocart-label\"><\/div>\n<\/div>\n<\/div>\n<\/div>\n","protected":false},"excerpt":{"rendered":"<p>La tondeuse Combi 166 est id\u00e9ale pour tondre des surfaces jusqu&#8217;\u00e0 1\u00a0500\u00a0m\u00b2. \u00c9quip\u00e9e d&#8217;un moteur monocylindre STIGA ST 250 ES de 224\u00a0cc, elle allie puissance, s\u00e9curit\u00e9 et fiabilit\u00e9. Con\u00e7ue pour faciliter la tonte, cette tondeuse \u00e0 \u00e9jection lat\u00e9rale et ramassage est dot\u00e9e d&#8217;un plateau de coupe de 66\u00a0cm et d&#8217;un bac de ramassage de 150\u00a0litres. [&hellip;]<\/p>\n","protected":false},"featured_media":18593,"comment_status":"open","ping_status":"closed","template":"","meta":[],"product_brand":[],"product_cat":[185],"product_tag":[],"class_list":{"0":"post-18572","1":"product","2":"type-product","3":"status-publish","4":"has-post-thumbnail","6":"product_cat-autoportee","8":"first","9":"instock","10":"shipping-taxable","11":"product-type-simple","12":"add-to-wishlist-after_add_to_cart"},"aioseo_notices":[],"_links":{"self":[{"href":"https:\/\/manumotoculture.store\/agrilionel\/wp-json\/wp\/v2\/product\/18572","targetHints":{"allow":["GET"]}}],"collection":[{"href":"https:\/\/manumotoculture.store\/agrilionel\/wp-json\/wp\/v2\/product"}],"about":[{"href":"https:\/\/manumotoculture.store\/agrilionel\/wp-json\/wp\/v2\/types\/product"}],"replies":[{"embeddable":true,"href":"https:\/\/manumotoculture.store\/agrilionel\/wp-json\/wp\/v2\/comments?post=18572"}],"wp:featuredmedia":[{"embeddable":true,"href":"https:\/\/manumotoculture.store\/agrilionel\/wp-json\/wp\/v2\/media\/18593"}],"wp:attachment":[{"href":"https:\/\/manumotoculture.store\/agrilionel\/wp-json\/wp\/v2\/media?parent=18572"}],"wp:term":[{"taxonomy":"product_brand","embeddable":true,"href":"https:\/\/manumotoculture.store\/agrilionel\/wp-json\/wp\/v2\/product_brand?post=18572"},{"taxonomy":"product_cat","embeddable":true,"href":"https:\/\/manumotoculture.store\/agrilionel\/wp-json\/wp\/v2\/product_cat?post=18572"},{"taxonomy":"product_tag","embeddable":true,"href":"https:\/\/manumotoculture.store\/agrilionel\/wp-json\/wp\/v2\/product_tag?post=18572"}],"curies":[{"name":"wp","href":"https:\/\/api.w.org\/{rel}","templated":true}]}}