{"id":18571,"date":"2026-04-13T13:00:15","date_gmt":"2026-04-13T13:00:15","guid":{"rendered":"https:\/\/manumotoculture.store\/agrilionel\/?post_type=product&#038;p=18571"},"modified":"2026-04-14T10:52:16","modified_gmt":"2026-04-14T10:52:16","slug":"john-deere-s100","status":"publish","type":"product","link":"https:\/\/manumotoculture.store\/agrilionel\/product\/john-deere-s100\/","title":{"rendered":"John deere S100"},"content":{"rendered":"<ul>\n<li>Moteur de 13\u00a0kW (17,5\u00a0HP)*<\/li>\n<li>Corps de tondeuse Edge\u2122 de 107\u00a0cm (42\u00a0po)<\/li>\n<li>Levier \u00e0 main \u00e0 ressort pour facilement soulever et abaisser le tablier<\/li>\n<li>Console couverte avec couvercle pour rangement ferm\u00e9<\/li>\n<\/ul>\n","protected":false},"excerpt":{"rendered":"<p>Moteur de 13\u00a0kW (17,5\u00a0HP)* Corps de tondeuse Edge\u2122 de 107\u00a0cm (42\u00a0po) Levier \u00e0 main \u00e0 ressort pour facilement soulever et abaisser le tablier Console couverte avec couvercle pour rangement ferm\u00e9<\/p>\n","protected":false},"featured_media":18592,"comment_status":"open","ping_status":"closed","template":"","meta":[],"product_brand":[],"product_cat":[185],"product_tag":[],"class_list":{"0":"post-18571","1":"product","2":"type-product","3":"status-publish","4":"has-post-thumbnail","6":"product_cat-autoportee","8":"first","9":"instock","10":"shipping-taxable","11":"product-type-simple","12":"add-to-wishlist-after_add_to_cart"},"aioseo_notices":[],"_links":{"self":[{"href":"https:\/\/manumotoculture.store\/agrilionel\/wp-json\/wp\/v2\/product\/18571","targetHints":{"allow":["GET"]}}],"collection":[{"href":"https:\/\/manumotoculture.store\/agrilionel\/wp-json\/wp\/v2\/product"}],"about":[{"href":"https:\/\/manumotoculture.store\/agrilionel\/wp-json\/wp\/v2\/types\/product"}],"replies":[{"embeddable":true,"href":"https:\/\/manumotoculture.store\/agrilionel\/wp-json\/wp\/v2\/comments?post=18571"}],"wp:featuredmedia":[{"embeddable":true,"href":"https:\/\/manumotoculture.store\/agrilionel\/wp-json\/wp\/v2\/media\/18592"}],"wp:attachment":[{"href":"https:\/\/manumotoculture.store\/agrilionel\/wp-json\/wp\/v2\/media?parent=18571"}],"wp:term":[{"taxonomy":"product_brand","embeddable":true,"href":"https:\/\/manumotoculture.store\/agrilionel\/wp-json\/wp\/v2\/product_brand?post=18571"},{"taxonomy":"product_cat","embeddable":true,"href":"https:\/\/manumotoculture.store\/agrilionel\/wp-json\/wp\/v2\/product_cat?post=18571"},{"taxonomy":"product_tag","embeddable":true,"href":"https:\/\/manumotoculture.store\/agrilionel\/wp-json\/wp\/v2\/product_tag?post=18571"}],"curies":[{"name":"wp","href":"https:\/\/api.w.org\/{rel}","templated":true}]}}