{"id":18568,"date":"2026-04-13T13:00:14","date_gmt":"2026-04-13T13:00:14","guid":{"rendered":"https:\/\/manumotoculture.store\/agrilionel\/?post_type=product&#038;p=18568"},"modified":"2026-04-14T10:51:16","modified_gmt":"2026-04-14T10:51:16","slug":"john-deere-x-167-r","status":"publish","type":"product","link":"https:\/\/manumotoculture.store\/agrilionel\/product\/john-deere-x-167-r\/","title":{"rendered":"john deere X 167 R"},"content":{"rendered":"<ul>\n<li>Engagement de l\u2019unit\u00e9 de coupe\u00a0: \u00e9lectrique<\/li>\n<li>Bac de ramassage\u00a0: 300\u00a0litres<\/li>\n<li>Si\u00e8ge\u00a0: dossier sur\u00e9lev\u00e9, de s\u00e9rie<\/li>\n<li>Kit mulching\u00a0: en option<\/li>\n<li>Pare-chocs\u00a0: standard<\/li>\n<li>Coupe 107cm<\/li>\n<\/ul>\n","protected":false},"excerpt":{"rendered":"<p>Engagement de l\u2019unit\u00e9 de coupe\u00a0: \u00e9lectrique Bac de ramassage\u00a0: 300\u00a0litres Si\u00e8ge\u00a0: dossier sur\u00e9lev\u00e9, de s\u00e9rie Kit mulching\u00a0: en option Pare-chocs\u00a0: standard Coupe 107cm<\/p>\n","protected":false},"featured_media":18587,"comment_status":"open","ping_status":"closed","template":"","meta":[],"product_brand":[],"product_cat":[185,16],"product_tag":[],"class_list":{"0":"post-18568","1":"product","2":"type-product","3":"status-publish","4":"has-post-thumbnail","6":"product_cat-autoportee","7":"product_cat-uncategorized","9":"first","10":"instock","11":"shipping-taxable","12":"product-type-simple","13":"add-to-wishlist-after_add_to_cart"},"aioseo_notices":[],"_links":{"self":[{"href":"https:\/\/manumotoculture.store\/agrilionel\/wp-json\/wp\/v2\/product\/18568","targetHints":{"allow":["GET"]}}],"collection":[{"href":"https:\/\/manumotoculture.store\/agrilionel\/wp-json\/wp\/v2\/product"}],"about":[{"href":"https:\/\/manumotoculture.store\/agrilionel\/wp-json\/wp\/v2\/types\/product"}],"replies":[{"embeddable":true,"href":"https:\/\/manumotoculture.store\/agrilionel\/wp-json\/wp\/v2\/comments?post=18568"}],"wp:featuredmedia":[{"embeddable":true,"href":"https:\/\/manumotoculture.store\/agrilionel\/wp-json\/wp\/v2\/media\/18587"}],"wp:attachment":[{"href":"https:\/\/manumotoculture.store\/agrilionel\/wp-json\/wp\/v2\/media?parent=18568"}],"wp:term":[{"taxonomy":"product_brand","embeddable":true,"href":"https:\/\/manumotoculture.store\/agrilionel\/wp-json\/wp\/v2\/product_brand?post=18568"},{"taxonomy":"product_cat","embeddable":true,"href":"https:\/\/manumotoculture.store\/agrilionel\/wp-json\/wp\/v2\/product_cat?post=18568"},{"taxonomy":"product_tag","embeddable":true,"href":"https:\/\/manumotoculture.store\/agrilionel\/wp-json\/wp\/v2\/product_tag?post=18568"}],"curies":[{"name":"wp","href":"https:\/\/api.w.org\/{rel}","templated":true}]}}