{"id":3549,"date":"2026-04-04T15:12:58","date_gmt":"2026-04-04T15:12:58","guid":{"rendered":"https:\/\/manumotoculture.store\/agri-lionel\/?post_type=product&#038;p=3549"},"modified":"2026-04-04T15:12:58","modified_gmt":"2026-04-04T15:12:58","slug":"john-deere-x147r","status":"publish","type":"product","link":"https:\/\/manumotoculture.store\/agri-lionel\/product\/john-deere-x147r\/","title":{"rendered":"John Deere X147R"},"content":{"rendered":"<p>Engagement de l\u2019unit\u00e9 de coupe : \u00e9lectrique<br \/>\nBac de ramassage : 300 litres<br \/>\nSi\u00e8ge : dossier sur\u00e9lev\u00e9, de s\u00e9rie<br \/>\nKit mulching : en option<br \/>\nPare-chocs : en option<br \/>\nCoupe 92cm<\/p>\n","protected":false},"excerpt":{"rendered":"<p>\u00c9quipement de tonte avec conducteur<\/p>\n","protected":false},"featured_media":3550,"comment_status":"open","ping_status":"closed","template":"","meta":{"_monsterinsights_skip_tracking":false,"_monsterinsights_sitenote_active":false,"_monsterinsights_sitenote_note":"","_monsterinsights_sitenote_category":0},"product_brand":[],"product_cat":[112],"product_tag":[],"class_list":{"0":"post-3549","1":"product","2":"type-product","3":"status-publish","4":"has-post-thumbnail","6":"product_cat-autoportee","8":"first","9":"instock","10":"sale","11":"shipping-taxable","12":"purchasable","13":"product-type-simple","14":"add-to-wishlist-after_add_to_cart"},"aioseo_notices":[],"_links":{"self":[{"href":"https:\/\/manumotoculture.store\/agri-lionel\/wp-json\/wp\/v2\/product\/3549","targetHints":{"allow":["GET"]}}],"collection":[{"href":"https:\/\/manumotoculture.store\/agri-lionel\/wp-json\/wp\/v2\/product"}],"about":[{"href":"https:\/\/manumotoculture.store\/agri-lionel\/wp-json\/wp\/v2\/types\/product"}],"replies":[{"embeddable":true,"href":"https:\/\/manumotoculture.store\/agri-lionel\/wp-json\/wp\/v2\/comments?post=3549"}],"version-history":[{"count":0,"href":"https:\/\/manumotoculture.store\/agri-lionel\/wp-json\/wp\/v2\/product\/3549\/revisions"}],"wp:featuredmedia":[{"embeddable":true,"href":"https:\/\/manumotoculture.store\/agri-lionel\/wp-json\/wp\/v2\/media\/3550"}],"wp:attachment":[{"href":"https:\/\/manumotoculture.store\/agri-lionel\/wp-json\/wp\/v2\/media?parent=3549"}],"wp:term":[{"taxonomy":"product_brand","embeddable":true,"href":"https:\/\/manumotoculture.store\/agri-lionel\/wp-json\/wp\/v2\/product_brand?post=3549"},{"taxonomy":"product_cat","embeddable":true,"href":"https:\/\/manumotoculture.store\/agri-lionel\/wp-json\/wp\/v2\/product_cat?post=3549"},{"taxonomy":"product_tag","embeddable":true,"href":"https:\/\/manumotoculture.store\/agri-lionel\/wp-json\/wp\/v2\/product_tag?post=3549"}],"curies":[{"name":"wp","href":"https:\/\/api.w.org\/{rel}","templated":true}]}}