{"id":3505,"date":"2026-03-31T19:29:36","date_gmt":"2026-03-31T19:29:36","guid":{"rendered":"https:\/\/manumotoculture.store\/agri-lionel\/?post_type=product&#038;p=3505"},"modified":"2026-04-01T18:28:01","modified_gmt":"2026-04-01T18:28:01","slug":"john-deere-x-167-r","status":"publish","type":"product","link":"https:\/\/manumotoculture.store\/agri-lionel\/product\/john-deere-x-167-r\/","title":{"rendered":"john deere X 167 R"},"content":{"rendered":"<ul>\n<li>Engagement de l\u2019unit\u00e9 de coupe\u00a0: \u00e9lectrique<\/li>\n<li>Bac de ramassage\u00a0: 300\u00a0litres<\/li>\n<li>Si\u00e8ge\u00a0: dossier sur\u00e9lev\u00e9, de s\u00e9rie<\/li>\n<li>Kit mulching\u00a0: en option<\/li>\n<li>Pare-chocs\u00a0: standard<\/li>\n<li>Coupe 107cm<\/li>\n<\/ul>\n","protected":false},"excerpt":{"rendered":"<h1>\u00c9quipement de tonte avec conducteur<\/h1>\n","protected":false},"featured_media":3506,"comment_status":"open","ping_status":"closed","template":"","meta":{"_monsterinsights_skip_tracking":false,"_monsterinsights_sitenote_active":false,"_monsterinsights_sitenote_note":"","_monsterinsights_sitenote_category":0},"product_brand":[],"product_cat":[112],"product_tag":[],"class_list":{"0":"post-3505","1":"product","2":"type-product","3":"status-publish","4":"has-post-thumbnail","6":"product_cat-autoportee","8":"first","9":"instock","10":"sale","11":"shipping-taxable","12":"purchasable","13":"product-type-simple","14":"add-to-wishlist-after_add_to_cart"},"aioseo_notices":[],"_links":{"self":[{"href":"https:\/\/manumotoculture.store\/agri-lionel\/wp-json\/wp\/v2\/product\/3505","targetHints":{"allow":["GET"]}}],"collection":[{"href":"https:\/\/manumotoculture.store\/agri-lionel\/wp-json\/wp\/v2\/product"}],"about":[{"href":"https:\/\/manumotoculture.store\/agri-lionel\/wp-json\/wp\/v2\/types\/product"}],"replies":[{"embeddable":true,"href":"https:\/\/manumotoculture.store\/agri-lionel\/wp-json\/wp\/v2\/comments?post=3505"}],"version-history":[{"count":0,"href":"https:\/\/manumotoculture.store\/agri-lionel\/wp-json\/wp\/v2\/product\/3505\/revisions"}],"wp:featuredmedia":[{"embeddable":true,"href":"https:\/\/manumotoculture.store\/agri-lionel\/wp-json\/wp\/v2\/media\/3506"}],"wp:attachment":[{"href":"https:\/\/manumotoculture.store\/agri-lionel\/wp-json\/wp\/v2\/media?parent=3505"}],"wp:term":[{"taxonomy":"product_brand","embeddable":true,"href":"https:\/\/manumotoculture.store\/agri-lionel\/wp-json\/wp\/v2\/product_brand?post=3505"},{"taxonomy":"product_cat","embeddable":true,"href":"https:\/\/manumotoculture.store\/agri-lionel\/wp-json\/wp\/v2\/product_cat?post=3505"},{"taxonomy":"product_tag","embeddable":true,"href":"https:\/\/manumotoculture.store\/agri-lionel\/wp-json\/wp\/v2\/product_tag?post=3505"}],"curies":[{"name":"wp","href":"https:\/\/api.w.org\/{rel}","templated":true}]}}